{"id":891,"date":"2025-02-12T22:32:39","date_gmt":"2025-02-12T21:32:39","guid":{"rendered":"https:\/\/plongee-port-vendres.com\/?page_id=891"},"modified":"2025-02-12T22:32:39","modified_gmt":"2025-02-12T21:32:39","slug":"e-lectra","status":"publish","type":"page","link":"https:\/\/plongee-port-vendres.com\/index.php\/e-lectra\/","title":{"rendered":"e-lectra"},"content":{"rendered":"<p>[vc_row css_animation=&#8221;&#8221; row_type=&#8221;row&#8221; use_row_as_full_screen_section=&#8221;no&#8221; type=&#8221;full_width&#8221; angled_section=&#8221;no&#8221; text_align=&#8221;left&#8221; background_image_as_pattern=&#8221;without_pattern&#8221;][vc_column][vc_column_text]<\/p>\n<h1 style=\"text-align: center;\">e-lectra<\/h1>\n<p>Apr\u00e8s 3 ann\u00e9es \u00e0 naviguer avec l&#8217;e-Speran\u00e7a, nous avons acquis suffisamment d&#8217;exp\u00e9rience pour pouvoir passer \u00e0 l&#8217;\u00e9tape suivante : concevoir un catamaran de croisi\u00e8re \u00e9lectrique et autonome en \u00e9nergie, afin de pouvoir partir plusieurs jours en navigation sans \u00e9nergies fossilles.[\/vc_column_text][\/vc_column][\/vc_row]<\/p>\n","protected":false},"excerpt":{"rendered":"<p>[vc_row css_animation=&#8221;&#8221; row_type=&#8221;row&#8221; use_row_as_full_screen_section=&#8221;no&#8221; type=&#8221;full_width&#8221; angled_section=&#8221;no&#8221; text_align=&#8221;left&#8221; background_image_as_pattern=&#8221;without_pattern&#8221;][vc_column][vc_column_text] e-lectra Apr\u00e8s 3 ann\u00e9es \u00e0 naviguer avec l&#8217;e-Speran\u00e7a, nous avons acquis suffisamment d&#8217;exp\u00e9rience pour pouvoir passer \u00e0 l&#8217;\u00e9tape suivante : concevoir un catamaran de croisi\u00e8re \u00e9lectrique et autonome en \u00e9nergie, afin de pouvoir partir plusieurs jours en&#8230;<\/p>\n","protected":false},"author":1,"featured_media":0,"parent":0,"menu_order":0,"comment_status":"closed","ping_status":"closed","template":"","meta":{"spay_email":""},"_links":{"self":[{"href":"https:\/\/plongee-port-vendres.com\/index.php\/wp-json\/wp\/v2\/pages\/891"}],"collection":[{"href":"https:\/\/plongee-port-vendres.com\/index.php\/wp-json\/wp\/v2\/pages"}],"about":[{"href":"https:\/\/plongee-port-vendres.com\/index.php\/wp-json\/wp\/v2\/types\/page"}],"author":[{"embeddable":true,"href":"https:\/\/plongee-port-vendres.com\/index.php\/wp-json\/wp\/v2\/users\/1"}],"replies":[{"embeddable":true,"href":"https:\/\/plongee-port-vendres.com\/index.php\/wp-json\/wp\/v2\/comments?post=891"}],"version-history":[{"count":1,"href":"https:\/\/plongee-port-vendres.com\/index.php\/wp-json\/wp\/v2\/pages\/891\/revisions"}],"predecessor-version":[{"id":892,"href":"https:\/\/plongee-port-vendres.com\/index.php\/wp-json\/wp\/v2\/pages\/891\/revisions\/892"}],"wp:attachment":[{"href":"https:\/\/plongee-port-vendres.com\/index.php\/wp-json\/wp\/v2\/media?parent=891"}],"curies":[{"name":"wp","href":"https:\/\/api.w.org\/{rel}","templated":true}]}}