{"id":882,"date":"2025-02-12T22:28:53","date_gmt":"2025-02-12T21:28:53","guid":{"rendered":"https:\/\/plongee-port-vendres.com\/?page_id=882"},"modified":"2025-02-12T22:32:55","modified_gmt":"2025-02-12T21:32:55","slug":"les-bateaux-electriques","status":"publish","type":"page","link":"https:\/\/plongee-port-vendres.com\/index.php\/les-bateaux-electriques\/","title":{"rendered":"Les bateaux \u00e9lectriques"},"content":{"rendered":"<p>[vc_row css_animation=&#8221;&#8221; row_type=&#8221;row&#8221; use_row_as_full_screen_section=&#8221;no&#8221; type=&#8221;full_width&#8221; angled_section=&#8221;no&#8221; text_align=&#8221;left&#8221; background_image_as_pattern=&#8221;without_pattern&#8221;][vc_column width=&#8221;1\/2&#8243;]<div class=\"cq-imageoverlay2-container  \" data-elementheight=\"480\" data-overlaycolor=\"#3BAFDA\"  data-image=\"7\" data-titlesize=\"\" data-contentsize=\"\" data-contentcolor=\"\" data-overlaystyle=\"aqua\" data-elementmargin=\"\"><a href=\"https:\/\/plongee-port-vendres.com\/index.php\/le-bateau-de-plongee-100-electrique\/\" title=\"e-Speran\u00e7a, le bateau de plong\u00e9e 100% \u00e9lectrique\" target=\"\" class=\"cq-imageoverlay2-link\"><div class=\"cq-imageoverlay2\"><img src=\"https:\/\/plongee-port-vendres.com\/wp-content\/uploads\/2022\/12\/DJI_0963.jpg\" class=\"cq-imageoverlay2-img\" \/><div class=\"text-container\"><h3 class=\"cq-imageoverlay2-title\">Le premier bateau 100% \u00e9lectrique<\/h3><p class=\"cq-imageoverlay2-content\">100% autonome et 100% accessible \u00e0 tous<\/p><\/div><div class=\"cq-imageoverlay2-background\"><\/div><\/div><\/a><\/div>[vc_column_text]<\/p>\n<h1 style=\"text-align: center;\">e-Speran\u00e7a<\/h1>\n<p>[\/vc_column_text][\/vc_column][vc_column width=&#8221;1\/2&#8243;]<div class=\"cq-imageoverlay2-container  \" data-elementheight=\"480\" data-overlaycolor=\"#3BAFDA\"  data-image=\"8\" data-titlesize=\"\" data-contentsize=\"\" data-contentcolor=\"\" data-overlaystyle=\"aqua\" data-elementmargin=\"\"><a href=\"https:\/\/plongee-port-vendres.com\/index.php\/e-lectra\/\" title=\"e-lectra\" target=\"\" class=\"cq-imageoverlay2-link\"><div class=\"cq-imageoverlay2\"><img src=\"https:\/\/plongee-port-vendres.com\/wp-content\/uploads\/2025\/02\/vue-dartiste.jpg\" class=\"cq-imageoverlay2-img\" \/><div class=\"text-container\"><h3 class=\"cq-imageoverlay2-title\">le catamaran de croisi\u00e8re hybride solar \/ kite<\/h3><\/div><div class=\"cq-imageoverlay2-background\"><\/div><\/div><\/a><\/div>[vc_column_text]<\/p>\n<h1 style=\"text-align: center;\">e-lectra<\/h1>\n<p>[\/vc_column_text][\/vc_column][\/vc_row][vc_row css_animation=&#8221;&#8221; row_type=&#8221;row&#8221; use_row_as_full_screen_section=&#8221;no&#8221; type=&#8221;full_width&#8221; angled_section=&#8221;no&#8221; text_align=&#8221;left&#8221; background_image_as_pattern=&#8221;without_pattern&#8221;][vc_column][\/vc_column][\/vc_row]<\/p>\n","protected":false},"excerpt":{"rendered":"<p>[vc_row css_animation=&#8221;&#8221; row_type=&#8221;row&#8221; use_row_as_full_screen_section=&#8221;no&#8221; type=&#8221;full_width&#8221; angled_section=&#8221;no&#8221; text_align=&#8221;left&#8221; background_image_as_pattern=&#8221;without_pattern&#8221;][vc_column width=&#8221;1\/2&#8243;][vc_column_text] e-Speran\u00e7a [\/vc_column_text][\/vc_column][vc_column width=&#8221;1\/2&#8243;][vc_column_text] e-lectra [\/vc_column_text][\/vc_column][\/vc_row][vc_row css_animation=&#8221;&#8221; row_type=&#8221;row&#8221; use_row_as_full_screen_section=&#8221;no&#8221; type=&#8221;full_width&#8221; angled_section=&#8221;no&#8221; text_align=&#8221;left&#8221; background_image_as_pattern=&#8221;without_pattern&#8221;][vc_column][\/vc_column][\/vc_row]<\/p>\n","protected":false},"author":1,"featured_media":0,"parent":0,"menu_order":0,"comment_status":"closed","ping_status":"closed","template":"","meta":{"spay_email":""},"_links":{"self":[{"href":"https:\/\/plongee-port-vendres.com\/index.php\/wp-json\/wp\/v2\/pages\/882"}],"collection":[{"href":"https:\/\/plongee-port-vendres.com\/index.php\/wp-json\/wp\/v2\/pages"}],"about":[{"href":"https:\/\/plongee-port-vendres.com\/index.php\/wp-json\/wp\/v2\/types\/page"}],"author":[{"embeddable":true,"href":"https:\/\/plongee-port-vendres.com\/index.php\/wp-json\/wp\/v2\/users\/1"}],"replies":[{"embeddable":true,"href":"https:\/\/plongee-port-vendres.com\/index.php\/wp-json\/wp\/v2\/comments?post=882"}],"version-history":[{"count":6,"href":"https:\/\/plongee-port-vendres.com\/index.php\/wp-json\/wp\/v2\/pages\/882\/revisions"}],"predecessor-version":[{"id":893,"href":"https:\/\/plongee-port-vendres.com\/index.php\/wp-json\/wp\/v2\/pages\/882\/revisions\/893"}],"wp:attachment":[{"href":"https:\/\/plongee-port-vendres.com\/index.php\/wp-json\/wp\/v2\/media?parent=882"}],"curies":[{"name":"wp","href":"https:\/\/api.w.org\/{rel}","templated":true}]}}