{"id":815,"date":"2023-02-24T21:46:40","date_gmt":"2023-02-24T20:46:40","guid":{"rendered":"https:\/\/plongee-port-vendres.com\/?page_id=815"},"modified":"2023-04-26T19:14:52","modified_gmt":"2023-04-26T17:14:52","slug":"empreinte-carbone-de-la-plongee","status":"publish","type":"page","link":"https:\/\/plongee-port-vendres.com\/index.php\/empreinte-carbone-de-la-plongee\/","title":{"rendered":"Empreinte carbone de la plong\u00e9e"},"content":{"rendered":"<p>[vc_row css_animation=&#8221;&#8221; row_type=&#8221;row&#8221; use_row_as_full_screen_section=&#8221;no&#8221; type=&#8221;full_width&#8221; angled_section=&#8221;no&#8221; text_align=&#8221;left&#8221; background_image_as_pattern=&#8221;without_pattern&#8221;][vc_column][vc_column_text]Depuis longtemps le Paradis des Bulles a analys\u00e9 les diff\u00e9rentes sources d&#8217;impact de la plong\u00e9e sous-marine, que ce soit au niveau du plongeur ou du centre de plong\u00e9e.<\/p>\n<p>Le Salon de la Plong\u00e9e 2023 avait comme th\u00e8me la plong\u00e9e durable. Nous avons en avons donc profit\u00e9 pour d\u00e9velopper un simulateur d&#8217;empreinte carbone li\u00e9e \u00e0 l&#8217;activit\u00e9 plong\u00e9e. Le concept : le plongeur rentre ses informations (nombre et type de voyages plong\u00e9e, transport pour les sorties week-end, dur\u00e9e de navigation&#8230;).<\/p>\n<p>Nous avons donc r\u00e9cup\u00e9rer des donn\u00e9es qui donnent une base de r\u00e9flexion int\u00e9ressante pour voir sur quels leviers agir afin de limiter notre impact sur le milieu.[\/vc_column_text][vc_column_text]On a r\u00e9ussi \u00e0 obtenir 98 r\u00e9ponses, ce qui est d\u00e9j\u00e0 bien pour une premi\u00e8re !<br \/>\nOn peut voir de suite qu&#8217;il s&#8217;agit d&#8217;un \u00e9chantillon de plongeurs r\u00e9guliers, avec en moyenne 9 week-ends plong\u00e9e dans l&#8217;ann\u00e9e ainsi qu&#8217;un voyage par an, ce qui donne une empreinte non n\u00e9gligeable&#8230;[\/vc_column_text][vc_empty_space][vc_single_image image=&#8221;816&#8243; img_size=&#8221;full&#8221; alignment=&#8221;center&#8221; qode_css_animation=&#8221;&#8221;][vc_empty_space][vc_single_image image=&#8221;826&#8243; img_size=&#8221;full&#8221; alignment=&#8221;center&#8221; qode_css_animation=&#8221;&#8221;][vc_empty_space][vc_single_image image=&#8221;825&#8243; img_size=&#8221;full&#8221; alignment=&#8221;center&#8221; qode_css_animation=&#8221;&#8221;][vc_empty_space][vc_single_image image=&#8221;824&#8243; img_size=&#8221;full&#8221; alignment=&#8221;center&#8221; qode_css_animation=&#8221;&#8221;][vc_empty_space][\/vc_column][\/vc_row][vc_row css_animation=&#8221;&#8221; row_type=&#8221;row&#8221; use_row_as_full_screen_section=&#8221;no&#8221; type=&#8221;full_width&#8221; angled_section=&#8221;no&#8221; text_align=&#8221;left&#8221; background_image_as_pattern=&#8221;without_pattern&#8221;][vc_column][vc_raw_html]JTNDaWZyYW1lJTIwc3JjJTNEJTIyaHR0cHMlM0ElMkYlMkZkb2NzLmdvb2dsZS5jb20lMkZmb3JtcyUyRmQlMkZlJTJGMUZBSXBRTFNjNWM3bnlZcFlfNllzMUZrbTlXMEpraWtGVGNZVFViNTNiRUd1Wi1pUnl4bkVXamclMkZ2aWV3Zm9ybSUzRmVtYmVkZGVkJTNEdHJ1ZSUyMiUyMHdpZHRoJTNEJTIyMTEzMCUyMiUyMGhlaWdodCUzRCUyMjEwNTElMjIlMjBmcmFtZWJvcmRlciUzRCUyMjAlMjIlMjBtYXJnaW5oZWlnaHQlM0QlMjIwJTIyJTIwbWFyZ2lud2lkdGglM0QlMjIwJTIyJTNFQ2hhcmdlbWVudCVFMiU4MCVBNiUzQyUyRmlmcmFtZSUzRQ==[\/vc_raw_html][\/vc_column][\/vc_row]<\/p>\n","protected":false},"excerpt":{"rendered":"<p>[vc_row css_animation=&#8221;&#8221; row_type=&#8221;row&#8221; use_row_as_full_screen_section=&#8221;no&#8221; type=&#8221;full_width&#8221; angled_section=&#8221;no&#8221; text_align=&#8221;left&#8221; background_image_as_pattern=&#8221;without_pattern&#8221;][vc_column][vc_column_text]Depuis longtemps le Paradis des Bulles a analys\u00e9 les diff\u00e9rentes sources d&#8217;impact de la plong\u00e9e sous-marine, que ce soit au niveau du plongeur ou du centre de plong\u00e9e. Le Salon de la Plong\u00e9e 2023 avait comme th\u00e8me la&#8230;<\/p>\n","protected":false},"author":1,"featured_media":0,"parent":0,"menu_order":0,"comment_status":"closed","ping_status":"closed","template":"","meta":{"spay_email":""},"_links":{"self":[{"href":"https:\/\/plongee-port-vendres.com\/index.php\/wp-json\/wp\/v2\/pages\/815"}],"collection":[{"href":"https:\/\/plongee-port-vendres.com\/index.php\/wp-json\/wp\/v2\/pages"}],"about":[{"href":"https:\/\/plongee-port-vendres.com\/index.php\/wp-json\/wp\/v2\/types\/page"}],"author":[{"embeddable":true,"href":"https:\/\/plongee-port-vendres.com\/index.php\/wp-json\/wp\/v2\/users\/1"}],"replies":[{"embeddable":true,"href":"https:\/\/plongee-port-vendres.com\/index.php\/wp-json\/wp\/v2\/comments?post=815"}],"version-history":[{"count":6,"href":"https:\/\/plongee-port-vendres.com\/index.php\/wp-json\/wp\/v2\/pages\/815\/revisions"}],"predecessor-version":[{"id":829,"href":"https:\/\/plongee-port-vendres.com\/index.php\/wp-json\/wp\/v2\/pages\/815\/revisions\/829"}],"wp:attachment":[{"href":"https:\/\/plongee-port-vendres.com\/index.php\/wp-json\/wp\/v2\/media?parent=815"}],"curies":[{"name":"wp","href":"https:\/\/api.w.org\/{rel}","templated":true}]}}