{"id":448,"date":"2021-04-05T21:30:07","date_gmt":"2021-04-05T19:30:07","guid":{"rendered":"https:\/\/plongee-port-vendres.com\/?page_id=448"},"modified":"2021-09-09T13:23:33","modified_gmt":"2021-09-09T11:23:33","slug":"finsulate","status":"publish","type":"page","link":"https:\/\/plongee-port-vendres.com\/index.php\/finsulate\/","title":{"rendered":"Finsulate"},"content":{"rendered":"<p>[vc_row css_animation=&#8221;&#8221; row_type=&#8221;row&#8221; use_row_as_full_screen_section=&#8221;no&#8221; type=&#8221;full_width&#8221; angled_section=&#8221;no&#8221; text_align=&#8221;left&#8221; background_image_as_pattern=&#8221;without_pattern&#8221;][vc_column][vc_column_text]<\/p>\n<div class=\"wpb_text_column wpb_content_element \">\n<div class=\"wpb_wrapper\">\n<h2>Pr\u00e9sentation<\/h2>\n<p class=\"p1\">Le Finsulate : qu\u2019est-ce que c\u2019est exactement ? C\u2019est une\u00a0<strong>solution alternative \u00e0 l\u2019anti-fouling<\/strong>\u00a0classique. Pour rappel, pour \u00e9viter le d\u00e9p\u00f4t de vie sur la coque des navires, une sorte de peinture toxique est d\u00e9pos\u00e9e chaque ann\u00e9e. C\u2019est toxique, pas tr\u00e8s bon pour l\u2019environnement.<\/p>\n<p class=\"p1\">Le Finsulate est un rev\u00eatement compos\u00e9e de\u00a0<strong>fibres de nylon recycl\u00e9<\/strong>. Il est coll\u00e9 sur la colle avec une colle bi-composant \u00e0 base d\u2019eau. C\u2019est\u00a0<strong>garanti 5 ans<\/strong>. Et avec \u00e7a fini les coquillages sur la coque qui alourdissent le bateau et d\u00e9grade les performances de navigation (entra\u00eenant une surconsommation). Il suffit juste de passer une petit coup de spatule sur la coque 4 fois dans l\u2019ann\u00e9e\u2026 Rien de plus simple pour des plongeurs\u00a0<img class=\"emoji\" role=\"img\" draggable=\"false\" src=\"https:\/\/s.w.org\/images\/core\/emoji\/13.0.1\/svg\/1f609.svg\" alt=\"\ud83d\ude09\" \/><\/p>\n<p>Je cherche une solution depuis plus de 4 ans pour \u00e9viter les anti-fouling classiques. Le Finsulate est la premi\u00e8re solution que je trouve qui s&#8217;applique aux bateaux bois, et en plus le principe me pla\u00eet bien plus que la solution \u00e0 base de silicone !<\/p>\n<\/div>\n<\/div>\n<p>[\/vc_column_text][vc_separator type=&#8221;normal&#8221; up=&#8221;40&#8243; down=&#8221;40&#8243;][vc_video link=&#8221;https:\/\/youtu.be\/Cd_7rKD-5Y8&#8243; title=&#8221;Pr\u00e9sentation du Finsulate&#8221;][vc_separator type=&#8221;normal&#8221; up=&#8221;40&#8243; down=&#8221;40&#8243;][vc_column_text]<\/p>\n<div class=\"separator normal \"><\/div>\n<div class=\"wpb_text_column wpb_content_element \">\n<div class=\"wpb_wrapper\">\n<h2>MISE EN OEUVRE<\/h2>\n<ol>\n<li><strong>Enlever toutes les couches d\u2019anti-fouling<\/strong>\u00a0: pour cela on r\u00e9alise un sablage ou un hydrogommage. On peut en profiter au passage pour faire les r\u00e9parations n\u00e9cessaires sur la coque \u00e0 nue !<\/li>\n<li><strong>Appliquer un primaire epoxy<\/strong>\u00a0: n\u00e9cessaire pour cr\u00e9er l\u2019accroche du Finsulate<\/li>\n<li><strong>Poser le Finsulate<\/strong>\u00a0: sur l\u2019ensemble de la coque, l\u2019\u00e9quipe est impressionnante la pose va \u00e0 grande vitesse !<\/li>\n<li><strong>Profiter<\/strong>\u00a0! Et de temps en temps passer un petit coup de spatule pour enlever le peu de d\u00e9p\u00f4t qui appara\u00eet<\/li>\n<\/ol>\n<\/div>\n<\/div>\n<p>[\/vc_column_text][vc_separator type=&#8221;normal&#8221; up=&#8221;40&#8243; down=&#8221;40&#8243;][vc_column_text]<\/p>\n<div class=\"separator normal \"><\/div>\n<div class=\"wpb_text_column wpb_content_element \">\n<div class=\"wpb_wrapper\">\n<h2>R\u00e9sultat<\/h2>\n<p>Petit r\u00e9sum\u00e9 des r\u00e9sultats obtenus avec le Finsulate (des photos seront ajout\u00e9es pour illustrer les propos) :<\/p>\n<ol>\n<li>Mise \u00e0 l&#8217;eau du bateau fin f\u00e9vrier 2021;<\/li>\n<li>d\u00e9but avril, l\u00e9ger d\u00e9p\u00f4t au niveau de la ligne de flottaison : un petit coup de brosse, en 5min le Finsulate \u00e9tait comme neuf;<\/li>\n<li>fin avril : apr\u00e8s \u00eatre sorti en moyenne un jour sur deux, des algues ont commenc\u00e9 \u00e0 appara\u00eetre. Quasiment pas de coquillages, \u00e0 part des b\u00e9b\u00e9s moules \u00e0 quelques endroits pr\u00e9cis.<\/li>\n<\/ol>\n<\/div>\n<\/div>\n<p>[\/vc_column_text][vc_separator type=&#8221;normal&#8221; up=&#8221;40&#8243; down=&#8221;40&#8243;][vc_column_text]<\/p>\n<div class=\"separator normal \"><\/div>\n<div class=\"wpb_text_column wpb_content_element \">\n<div class=\"wpb_wrapper\">\n<h2>Partenaire<\/h2>\n<p>Merci \u00e0 la R\u00e9gion Occitanie qui a soutenu le projet !<\/p>\n<\/div>\n<\/div>\n<p>[\/vc_column_text][vc_single_image image=&#8221;298&#8243; qode_css_animation=&#8221;&#8221;][vc_separator type=&#8221;normal&#8221; up=&#8221;40&#8243; down=&#8221;40&#8243;]<div class='q_masonry_blog'><div class=\"q_masonry_blog_grid_sizer\"><\/div><div class=\"q_masonry_blog_grid_gutter\"><\/div><article  class='post-341 post type-post status-publish format-standard has-post-thumbnail hentry category-finsulate category-news '><div class=\"q_masonry_blog_post_image\"><a itemprop=\"url\" href=\"https:\/\/plongee-port-vendres.com\/index.php\/2021\/02\/02\/une-alternative-a-lanti-fouling\/\" target=\"_self\"><img itemprop=\"image\" src=\"https:\/\/plongee-port-vendres.com\/wp-content\/uploads\/2021\/02\/145590486_1878706475601587_495157883312053450_n.jpg\" \/><\/a><\/div><div class=\"q_masonry_blog_post_text\"><h5 itemprop=\"name\" class=\"q_masonry_blog_title entry_title\"><a itemprop=\"url\" href=\"https:\/\/plongee-port-vendres.com\/index.php\/2021\/02\/02\/une-alternative-a-lanti-fouling\/\">Une alternative \u00e0 l&#8217;anti-fouling !<\/a><\/h5><p itemprop=\"description\" class=\"q_masonry_blog_excerpt\">[vc_row css_animation=&#8221;&#8221; row_type=&#8221;row&#8221; use_row_as_full_screen_section=&#8221;no&#8221; type=&#8221;full_width&#8221; angled_section=&#8221;no&#8221; text_align=&#8221;left&#8221; background_image_as_pattern=&#8221;without_pattern&#8221;][vc_column][vc_column_text]L&#8217;Uyada a \u00e9t\u00e9 sorti de l&#8217;eau pour faire les travaux hivernaux. Et cette ann\u00e9e, on va poser du Finsulate qui est une alternative \u00e0 l&#8217;anti-fouling (produit toxique mis sur les coques pour \u00e9viter la prolif\u00e9ration de la vie......<\/p><div class=\"q_masonry_blog_post_info\"><span itemprop=\"dateCreated\" class=\"time entry_date updated\">02 February, 2021<meta itemprop=\"interactionCount\" content=\"UserComments: <?php echo get_comments_number(qode_get_page_id()); ?>\"\/><\/span> \/ <a itemprop=\"url\" class=\"post_comments\" href=\"https:\/\/plongee-port-vendres.com\/index.php\/2021\/02\/02\/une-alternative-a-lanti-fouling\/#respond\">No comment<\/a><\/div><\/div><\/article><article  class='post-354 post type-post status-publish format-standard has-post-thumbnail hentry category-finsulate category-news '><div class=\"q_masonry_blog_post_image\"><a itemprop=\"url\" href=\"https:\/\/plongee-port-vendres.com\/index.php\/2021\/02\/26\/pose-du-finsulate\/\" target=\"_self\"><img itemprop=\"image\" src=\"https:\/\/plongee-port-vendres.com\/wp-content\/uploads\/2021\/02\/IMG_0527-scaled.jpg\" \/><\/a><\/div><div class=\"q_masonry_blog_post_text\"><h5 itemprop=\"name\" class=\"q_masonry_blog_title entry_title\"><a itemprop=\"url\" href=\"https:\/\/plongee-port-vendres.com\/index.php\/2021\/02\/26\/pose-du-finsulate\/\">Pose du Finsulate<\/a><\/h5><p itemprop=\"description\" class=\"q_masonry_blog_excerpt\">[vc_row css_animation=&#8221;&#8221; row_type=&#8221;row&#8221; use_row_as_full_screen_section=&#8221;no&#8221; type=&#8221;full_width&#8221; angled_section=&#8221;no&#8221; text_align=&#8221;left&#8221; background_image_as_pattern=&#8221;without_pattern&#8221;][vc_column][vc_column_text]Ca y est le Finsulate est pos\u00e9 ! Mais, qu\u2019est-ce que c\u2019est exactement ? C\u2019est une solution alternative \u00e0 l\u2019anti-fouling classique. Pour rappel, pour \u00e9viter le d\u00e9p\u00f4t de vie sur la coque des navires, une sorte de peinture......<\/p><div class=\"q_masonry_blog_post_info\"><span itemprop=\"dateCreated\" class=\"time entry_date updated\">26 February, 2021<meta itemprop=\"interactionCount\" content=\"UserComments: <?php echo get_comments_number(qode_get_page_id()); ?>\"\/><\/span> \/ <a itemprop=\"url\" class=\"post_comments\" href=\"https:\/\/plongee-port-vendres.com\/index.php\/2021\/02\/26\/pose-du-finsulate\/#respond\">No comment<\/a><\/div><\/div><\/article><article  class='post-357 post type-post status-publish format-standard has-post-thumbnail hentry category-finsulate category-news '><div class=\"q_masonry_blog_post_image\"><a itemprop=\"url\" href=\"https:\/\/plongee-port-vendres.com\/index.php\/2021\/03\/03\/le-finsulate-quest-ce-que-cest-au-juste\/\" target=\"_self\"><img itemprop=\"image\" src=\"https:\/\/plongee-port-vendres.com\/wp-content\/uploads\/2021\/03\/IMG_0482-rotated.jpg\" \/><\/a><\/div><div class=\"q_masonry_blog_post_text\"><h5 itemprop=\"name\" class=\"q_masonry_blog_title entry_title\"><a itemprop=\"url\" href=\"https:\/\/plongee-port-vendres.com\/index.php\/2021\/03\/03\/le-finsulate-quest-ce-que-cest-au-juste\/\">Le Finsulate, qu&#8217;est-ce que c&#8217;est au juste ?<\/a><\/h5><p itemprop=\"description\" class=\"q_masonry_blog_excerpt\">[vc_row css_animation=&#8221;&#8221; row_type=&#8221;row&#8221; use_row_as_full_screen_section=&#8221;no&#8221; type=&#8221;full_width&#8221; angled_section=&#8221;no&#8221; text_align=&#8221;left&#8221; background_image_as_pattern=&#8221;without_pattern&#8221;][vc_column][vc_column_text] Le Finsulate : qu\u2019est-ce que c\u2019est exactement ? C\u2019est une solution alternative \u00e0 l\u2019anti-fouling classique. Pour rappel, pour \u00e9viter le d\u00e9p\u00f4t de vie sur la coque des navires, une sorte de peinture toxique est d\u00e9pos\u00e9e chaque ann\u00e9e.......<\/p><div class=\"q_masonry_blog_post_info\"><span itemprop=\"dateCreated\" class=\"time entry_date updated\">03 March, 2021<meta itemprop=\"interactionCount\" content=\"UserComments: <?php echo get_comments_number(qode_get_page_id()); ?>\"\/><\/span> \/ <a itemprop=\"url\" class=\"post_comments\" href=\"https:\/\/plongee-port-vendres.com\/index.php\/2021\/03\/03\/le-finsulate-quest-ce-que-cest-au-juste\/#respond\">No comment<\/a><\/div><\/div><\/article><\/div>[\/vc_column][\/vc_row]<\/p>\n","protected":false},"excerpt":{"rendered":"<p>[vc_row css_animation=&#8221;&#8221; row_type=&#8221;row&#8221; use_row_as_full_screen_section=&#8221;no&#8221; type=&#8221;full_width&#8221; angled_section=&#8221;no&#8221; text_align=&#8221;left&#8221; background_image_as_pattern=&#8221;without_pattern&#8221;][vc_column][vc_column_text] Pr\u00e9sentation Le Finsulate : qu\u2019est-ce que c\u2019est exactement ? C\u2019est une\u00a0solution alternative \u00e0 l\u2019anti-fouling\u00a0classique. Pour rappel, pour \u00e9viter le d\u00e9p\u00f4t de vie sur la coque des navires, une sorte de peinture toxique est d\u00e9pos\u00e9e chaque ann\u00e9e. C\u2019est&#8230;<\/p>\n","protected":false},"author":1,"featured_media":0,"parent":0,"menu_order":0,"comment_status":"closed","ping_status":"closed","template":"","meta":{"spay_email":""},"_links":{"self":[{"href":"https:\/\/plongee-port-vendres.com\/index.php\/wp-json\/wp\/v2\/pages\/448"}],"collection":[{"href":"https:\/\/plongee-port-vendres.com\/index.php\/wp-json\/wp\/v2\/pages"}],"about":[{"href":"https:\/\/plongee-port-vendres.com\/index.php\/wp-json\/wp\/v2\/types\/page"}],"author":[{"embeddable":true,"href":"https:\/\/plongee-port-vendres.com\/index.php\/wp-json\/wp\/v2\/users\/1"}],"replies":[{"embeddable":true,"href":"https:\/\/plongee-port-vendres.com\/index.php\/wp-json\/wp\/v2\/comments?post=448"}],"version-history":[{"count":9,"href":"https:\/\/plongee-port-vendres.com\/index.php\/wp-json\/wp\/v2\/pages\/448\/revisions"}],"predecessor-version":[{"id":499,"href":"https:\/\/plongee-port-vendres.com\/index.php\/wp-json\/wp\/v2\/pages\/448\/revisions\/499"}],"wp:attachment":[{"href":"https:\/\/plongee-port-vendres.com\/index.php\/wp-json\/wp\/v2\/media?parent=448"}],"curies":[{"name":"wp","href":"https:\/\/api.w.org\/{rel}","templated":true}]}}