{"id":381,"date":"2021-03-10T23:45:37","date_gmt":"2021-03-10T22:45:37","guid":{"rendered":"http:\/\/plongee-port-vendres.com\/?page_id=381"},"modified":"2021-03-10T23:45:37","modified_gmt":"2021-03-10T22:45:37","slug":"conception-du-bateau-electrique","status":"publish","type":"page","link":"https:\/\/plongee-port-vendres.com\/index.php\/conception-du-bateau-electrique\/","title":{"rendered":"Conception du bateau \u00e9lectrique"},"content":{"rendered":"[vc_row css_animation=&#8221;&#8221; row_type=&#8221;row&#8221; use_row_as_full_screen_section=&#8221;no&#8221; type=&#8221;full_width&#8221; angled_section=&#8221;no&#8221; text_align=&#8221;left&#8221; background_image_as_pattern=&#8221;without_pattern&#8221;][vc_column][vc_separator type=&#8221;normal&#8221; up=&#8221;20&#8243; down=&#8221;20&#8243;][vc_separator type=&#8221;normal&#8221; up=&#8221;20&#8243; down=&#8221;20&#8243;][vc_row_inner row_type=&#8221;row&#8221; type=&#8221;full_width&#8221; text_align=&#8221;left&#8221; css_animation=&#8221;&#8221;][vc_column_inner][\/vc_column_inner][\/vc_row_inner][vc_separator type=&#8221;normal&#8221; up=&#8221;20&#8243; down=&#8221;20&#8243;][vc_column_text]\r\n<h2>Conception<\/h2>\r\n&nbsp;\r\n\r\n<!-- \/wp:heading -->\r\n\r\n<!-- wp:list -->L&#8217;id\u00e9e est de prendre un catamaran (afin de limiter la train\u00e9e), avec le maximum d&#8217;espace disponible \u00e0 bord pour pouvoir prendre un groupe d&#8217;une douzaine de personnes (hors \u00e9quipage) sur une sortie \u00e0 la journ\u00e9e : donc avec un espace humide pour les affaires de plong\u00e9e, un espace sec pour se reposer, manger, avec l&#8217;espace cuisine\/plancha. Le tout ombrag\u00e9 avec des panneaux solaires sur le taud.\r\n<h3>Questions<\/h3>\r\n<ul>\r\n\t<li>Tester une solution alternative \u00e0 l&#8217;anti-fouling ? Le Finsulate semble un bon candidat.<\/li>\r\n\t<li>Ne pas mettre de syst\u00e8me de refroidissement des moteurs dans un premier temps, faire des mesures en situation pour voir si c&#8217;est n\u00e9cessaire ?<\/li>\r\n\t<li>Utiliser les panneaux solaires pour faire le toit du bateau ? (pos\u00e9s et joint\u00e9s sur la structure)<\/li>\r\n<\/ul>\r\n[\/vc_column_text][vc_empty_space height=&#8221;20px&#8221;][vc_column_text]\r\n<h3>Caract\u00e9ristiques techniques :<\/h3>\r\n<ul>\r\n\t<li>les dimensions seront environ : 10m (longueur) par 5m (largeur);<\/li>\r\n\t<li>la masse estim\u00e9e en charge est (pour le moment) de 8 tonnes;<\/li>\r\n\t<li>motorisation : 2 moteurs d&#8217;environ 25kW;<\/li>\r\n\t<li>moteurs et batteries en 48V ou 96V selon le moteur \u00e9lectrique choisi;<\/li>\r\n<\/ul>\r\n[\/vc_column_text][vc_empty_space height=&#8221;20px&#8221;][vc_column_text]\r\n\r\n<div style=\"width: 1060px;\" class=\"wp-video\"><!--[if lt IE 9]><script>document.createElement('video');<\/script><![endif]-->\n<video class=\"wp-video-shortcode\" id=\"video-381-1\" width=\"1060\" height=\"596\" preload=\"metadata\" controls=\"controls\"><source type=\"video\/mp4\" src=\"https:\/\/plongee-port-vendres.com\/wp-content\/uploads\/2019\/12\/presentation_trimaran.mp4?_=1\" \/><a href=\"https:\/\/plongee-port-vendres.com\/wp-content\/uploads\/2019\/12\/presentation_trimaran.mp4\">https:\/\/plongee-port-vendres.com\/wp-content\/uploads\/2019\/12\/presentation_trimaran.mp4<\/a><\/video><\/div>\r\n\r\n[\/vc_column_text][vc_empty_space height=&#8221;20px&#8221;]<div class='qode_image_gallery_no_space  highlight_active'><div class='qode_image_gallery_holder' style='height: 200px;'><ul  ><li style = \"opacity: 0,5\" ><div style=\"height: 200px; width:348px;\"><img itemprop=\"image\" src=\"https:\/\/plongee-port-vendres.com\/wp-content\/uploads\/2019\/12\/trimaran03.png\" alt=\"\" \/><\/div><\/li><li style = \"opacity: 0,5\" ><div style=\"height: 200px; width:349px;\"><img itemprop=\"image\" src=\"https:\/\/plongee-port-vendres.com\/wp-content\/uploads\/2019\/12\/trimaran04.png\" alt=\"\" \/><\/div><\/li><li style = \"opacity: 0,5\" ><div style=\"height: 200px; width:328px;\"><img itemprop=\"image\" src=\"https:\/\/plongee-port-vendres.com\/wp-content\/uploads\/2019\/12\/trimaran05.png\" alt=\"\" \/><\/div><\/li><li style = \"opacity: 0,5\" ><div style=\"height: 200px; width:362px;\"><img itemprop=\"image\" src=\"https:\/\/plongee-port-vendres.com\/wp-content\/uploads\/2019\/12\/Trimaran01.jpg\" alt=\"\" \/><\/div><\/li><\/ul><\/div><div class=\"controls\"><a class=\"prev-slide\" href=\"#\"><span><i class=\"fa fa-angle-left\"><\/i><\/span><\/a><a class=\"next-slide\" href=\"#\"><span><i class=\"fa fa-angle-right\"><\/i><\/span><\/a><\/div><\/div>[vc_empty_space height=&#8221;20px&#8221;][vc_column_text] L&#8217;article suivant pr\u00e9sente un tableau des diff\u00e9rents bateaux qui naviguent actuellement en motorisation \u00e9lectrique en comparant les diff\u00e9rents param\u00e8tres :\u00a0<a href=\"https:\/\/plongee-port-vendres.com\/index.php\/2019\/12\/20\/recensement-des-bateaux-electriques-existants\/\">Recensement des bateaux \u00e9lectriques existants<\/a> [\/vc_column_text][vc_empty_space height=&#8221;20px&#8221;][vc_column_text] Voici une petite synth\u00e8se sur les diff\u00e9rentes pistes \u00e9tudi\u00e9es pour les moteurs \u00e9lectriques et les batteries :\r\n<ul>\r\n\t<li><strong>Moteurs \u00e9lectriques :<\/strong>\r\n<ul>\r\n\t<li>SMVE Performance : 25kW, environ 30kg, 1500rpm, 60V<\/li>\r\n\t<li>ACX30 : 30kW, 140kg, 1050 rpm, 48V, refroidi,<\/li>\r\n\t<li>DriveMasterUltimate20 : 15kW (20 en pic), 1500 rpm, 48V, refroidi<\/li>\r\n\t<li>DualAXC20 propulsion system : 20kW (possibilit\u00e9 d&#8217;ajouter des blocs de 10kW pour monter \u00e0 30 ou 40kW), 88kg, 1400 rpm, 48V, refroidi,<\/li>\r\n\t<li>Aquamot E-1310 : 25kW, POD, 96V, non refroidi<\/li>\r\n\t<li>Aquamot MA300 : 30kW, 96V<\/li>\r\n<\/ul>\r\n<\/li>\r\n\t<li><strong>Batteries :<\/strong>\r\n<ul>\r\n\t<li>Mob-Ion : Lithium\/Fer\/Phosphate<\/li>\r\n\t<li>Lithium NMC, 48V, 32 \u00e9l\u00e9ments pour une capacit\u00e9 totale de 60,48kWh, 336kg, 2000 cycles<\/li>\r\n\t<li>PowerTech PowerBrick : LiFePo4, 48V, capacit\u00e9 totale de 44,2kWh, 388kg<\/li>\r\n\t<li>Valence : Lithium Ion, 24V, capacit\u00e9 totale de 28kWh, 297,6kg<\/li>\r\n<\/ul>\r\n<\/li>\r\n<\/ul>\r\n[\/vc_column_text][vc_empty_space height=&#8221;20px&#8221;][vc_separator type=&#8221;normal&#8221; up=&#8221;20&#8243; down=&#8221;20&#8243;][vc_column_text]\r\n<h2>News<\/h2>\r\n[\/vc_column_text]<div class='q_masonry_blog'><div class=\"q_masonry_blog_grid_sizer\"><\/div><div class=\"q_masonry_blog_grid_gutter\"><\/div><article  class='post-749 post type-post status-publish format-standard hentry category-news_bateau_electrique category-news '><div class=\"q_masonry_blog_post_image\"><\/div><div class=\"q_masonry_blog_post_text\"><h5 itemprop=\"name\" class=\"q_masonry_blog_title entry_title\"><a itemprop=\"url\" href=\"https:\/\/plongee-port-vendres.com\/index.php\/2022\/08\/28\/participation-au-festival-de-pignon-sur-mer\/\">Participation au festival de Pignon sur Mer<\/a><\/h5><p itemprop=\"description\" class=\"q_masonry_blog_excerpt\">[vc_row css_animation=&#8221;&#8221; row_type=&#8221;row&#8221; use_row_as_full_screen_section=&#8221;no&#8221; type=&#8221;full_width&#8221; angled_section=&#8221;no&#8221; text_align=&#8221;left&#8221; background_image_as_pattern=&#8221;without_pattern&#8221;][vc_column][vc_column_text]Samedi 10 septembre \u00e0 17h, le Paradis des Bulles pr\u00e9sentera son centre de plong\u00e9e \u00e9co-responsable et tout particuli\u00e8rement l&#8217;e-Speran\u00e7a, le catamaran de plong\u00e9e 100% \u00e9lectrique dans le cadre du Festival Pignon sur Mer qui se d\u00e9roulera du 9......<\/p><div class=\"q_masonry_blog_post_info\"><span itemprop=\"dateCreated\" class=\"time entry_date updated\">28 August, 2022<meta itemprop=\"interactionCount\" content=\"UserComments: <?php echo get_comments_number(qode_get_page_id()); ?>\"\/><\/span> \/ <a itemprop=\"url\" class=\"post_comments\" href=\"https:\/\/plongee-port-vendres.com\/index.php\/2022\/08\/28\/participation-au-festival-de-pignon-sur-mer\/#respond\">No comment<\/a><\/div><\/div><\/article><article  class='post-742 post type-post status-publish format-standard hentry category-news_bateau_electrique category-news '><div class=\"q_masonry_blog_post_image\"><\/div><div class=\"q_masonry_blog_post_text\"><h5 itemprop=\"name\" class=\"q_masonry_blog_title entry_title\"><a itemprop=\"url\" href=\"https:\/\/plongee-port-vendres.com\/index.php\/2022\/07\/22\/article-de-lindependant\/\">Article de l&#8217;Ind\u00e9pendant<\/a><\/h5><p itemprop=\"description\" class=\"q_masonry_blog_excerpt\">[vc_row css_animation=&#8221;&#8221; row_type=&#8221;row&#8221; use_row_as_full_screen_section=&#8221;no&#8221; type=&#8221;full_width&#8221; angled_section=&#8221;no&#8221; text_align=&#8221;left&#8221; background_image_as_pattern=&#8221;without_pattern&#8221;][vc_column][vc_column_text]Voici l&#8217;article de l&#8217;Ind\u00e9pendant paru le 18 juillet ![\/vc_column_text][\/vc_column][\/vc_row][vc_row css_animation=&#8221;&#8221; row_type=&#8221;row&#8221; use_row_as_full_screen_section=&#8221;no&#8221; type=&#8221;full_width&#8221; angled_section=&#8221;no&#8221; text_align=&#8221;left&#8221; background_image_as_pattern=&#8221;without_pattern&#8221;][vc_column][vc_single_image image=&#8221;743&#8243; img_size=&#8221;large&#8221; qode_css_animation=&#8221;&#8221;][\/vc_column][\/vc_row]...<\/p><div class=\"q_masonry_blog_post_info\"><span itemprop=\"dateCreated\" class=\"time entry_date updated\">22 July, 2022<meta itemprop=\"interactionCount\" content=\"UserComments: <?php echo get_comments_number(qode_get_page_id()); ?>\"\/><\/span> \/ <a itemprop=\"url\" class=\"post_comments\" href=\"https:\/\/plongee-port-vendres.com\/index.php\/2022\/07\/22\/article-de-lindependant\/#respond\">No comment<\/a><\/div><\/div><\/article><article  class='post-739 post type-post status-publish format-standard hentry category-news_bateau_electrique category-news '><div class=\"q_masonry_blog_post_image\"><\/div><div class=\"q_masonry_blog_post_text\"><h5 itemprop=\"name\" class=\"q_masonry_blog_title entry_title\"><a itemprop=\"url\" href=\"https:\/\/plongee-port-vendres.com\/index.php\/2022\/07\/03\/prix-trophee-horizon-2022\/\">Prix Troph\u00e9e Horizon 2022 !<\/a><\/h5><p itemprop=\"description\" class=\"q_masonry_blog_excerpt\">[vc_row css_animation=&#8221;&#8221; row_type=&#8221;row&#8221; use_row_as_full_screen_section=&#8221;no&#8221; type=&#8221;full_width&#8221; angled_section=&#8221;no&#8221; text_align=&#8221;left&#8221; background_image_as_pattern=&#8221;without_pattern&#8221;][vc_column][vc_column_text]Quand j&#8217;ai candidat\u00e9 aux Troph\u00e9es Horizon 2022 je n&#8217;y croyais pas vraiment&#8230; C&#8217;\u00e9tait au niveau national, peu de chances de gagner&#8230; Donc d\u00e9j\u00e0 quand j&#8217;ai vu que j&#8217;\u00e9tais finaliste dans la cat\u00e9gorie Maitrise de l&#8217;\u00e9nergie, je n&#8217;en revenais......<\/p><div class=\"q_masonry_blog_post_info\"><span itemprop=\"dateCreated\" class=\"time entry_date updated\">03 July, 2022<meta itemprop=\"interactionCount\" content=\"UserComments: <?php echo get_comments_number(qode_get_page_id()); ?>\"\/><\/span> \/ <a itemprop=\"url\" class=\"post_comments\" href=\"https:\/\/plongee-port-vendres.com\/index.php\/2022\/07\/03\/prix-trophee-horizon-2022\/#respond\">No comment<\/a><\/div><\/div><\/article><article  class='post-693 post type-post status-publish format-standard hentry category-news_bateau_electrique category-news '><div class=\"q_masonry_blog_post_image\"><\/div><div class=\"q_masonry_blog_post_text\"><h5 itemprop=\"name\" class=\"q_masonry_blog_title entry_title\"><a itemprop=\"url\" href=\"https:\/\/plongee-port-vendres.com\/index.php\/2022\/05\/06\/realisation-des-tables\/\">R\u00e9alisation des tables<\/a><\/h5><p itemprop=\"description\" class=\"q_masonry_blog_excerpt\">[vc_row css_animation=&#8221;&#8221; row_type=&#8221;row&#8221; use_row_as_full_screen_section=&#8221;no&#8221; type=&#8221;full_width&#8221; angled_section=&#8221;no&#8221; text_align=&#8221;left&#8221; background_image_as_pattern=&#8221;without_pattern&#8221;][\/vc_row][vc_row css_animation=&#8221;&#8221; row_type=&#8221;row&#8221; use_row_as_full_screen_section=&#8221;no&#8221; type=&#8221;full_width&#8221; angled_section=&#8221;no&#8221; text_align=&#8221;left&#8221; background_image_as_pattern=&#8221;without_pattern&#8221;][vc_column][vc_column_text]On garde toujours le principe de l&#8217;\u00e9conomie circulaire \ud83d\ude42 On a r\u00e9cup\u00e9r\u00e9 des poteaux en bois qui allaient \u00eatre jet\u00e9s. Un peu de travail dessus pour les passer aux machines, les......<\/p><div class=\"q_masonry_blog_post_info\"><span itemprop=\"dateCreated\" class=\"time entry_date updated\">06 May, 2022<meta itemprop=\"interactionCount\" content=\"UserComments: <?php echo get_comments_number(qode_get_page_id()); ?>\"\/><\/span> \/ <a itemprop=\"url\" class=\"post_comments\" href=\"https:\/\/plongee-port-vendres.com\/index.php\/2022\/05\/06\/realisation-des-tables\/#respond\">No comment<\/a><\/div><\/div><\/article><article  class='post-690 post type-post status-publish format-standard has-post-thumbnail hentry category-news_bateau_electrique category-news '><div class=\"q_masonry_blog_post_image\"><a itemprop=\"url\" href=\"https:\/\/plongee-port-vendres.com\/index.php\/2022\/04\/18\/premiere-sortie-plongee-de-le-speranca\/\" target=\"_self\"><img itemprop=\"image\" src=\"https:\/\/plongee-port-vendres.com\/wp-content\/uploads\/2022\/04\/20220417_114806-scaled.jpg\" \/><\/a><\/div><div class=\"q_masonry_blog_post_text\"><h5 itemprop=\"name\" class=\"q_masonry_blog_title entry_title\"><a itemprop=\"url\" href=\"https:\/\/plongee-port-vendres.com\/index.php\/2022\/04\/18\/premiere-sortie-plongee-de-le-speranca\/\">Premi\u00e8re sortie plong\u00e9e de l&#8217;e-Speran\u00e7a<\/a><\/h5><p itemprop=\"description\" class=\"q_masonry_blog_excerpt\">[vc_row css_animation=&#8221;&#8221; row_type=&#8221;row&#8221; use_row_as_full_screen_section=&#8221;no&#8221; type=&#8221;full_width&#8221; angled_section=&#8221;no&#8221; text_align=&#8221;left&#8221; background_image_as_pattern=&#8221;without_pattern&#8221;][vc_column][vc_column_text]Hier c&#8217;\u00e9tait la premi\u00e8re sortie en mer pour le catamaran de plong\u00e9e 100% \u00e9lectrique e-Speran\u00e7a ! Les plongeurs ont pu d\u00e9couvrir la joie de la navigation silencieuse, et nous avons pu nous amarrer sur les bou\u00e9es du parc......<\/p><div class=\"q_masonry_blog_post_info\"><span itemprop=\"dateCreated\" class=\"time entry_date updated\">18 April, 2022<meta itemprop=\"interactionCount\" content=\"UserComments: <?php echo get_comments_number(qode_get_page_id()); ?>\"\/><\/span> \/ <a itemprop=\"url\" class=\"post_comments\" href=\"https:\/\/plongee-port-vendres.com\/index.php\/2022\/04\/18\/premiere-sortie-plongee-de-le-speranca\/#respond\">No comment<\/a><\/div><\/div><\/article><article  class='post-687 post type-post status-publish format-standard has-post-thumbnail hentry category-news_bateau_electrique category-news '><div class=\"q_masonry_blog_post_image\"><a itemprop=\"url\" href=\"https:\/\/plongee-port-vendres.com\/index.php\/2022\/04\/07\/article-de-lafbe\/\" target=\"_self\"><img itemprop=\"image\" src=\"https:\/\/plongee-port-vendres.com\/wp-content\/uploads\/2022\/02\/IMG_3644-copie-e1647601937739.jpg\" \/><\/a><\/div><div class=\"q_masonry_blog_post_text\"><h5 itemprop=\"name\" class=\"q_masonry_blog_title entry_title\"><a itemprop=\"url\" href=\"https:\/\/plongee-port-vendres.com\/index.php\/2022\/04\/07\/article-de-lafbe\/\">article de l&#8217;AFBE !<\/a><\/h5><p itemprop=\"description\" class=\"q_masonry_blog_excerpt\">[vc_row css_animation=&#8221;&#8221; row_type=&#8221;row&#8221; use_row_as_full_screen_section=&#8221;no&#8221; type=&#8221;full_width&#8221; angled_section=&#8221;no&#8221; text_align=&#8221;left&#8221; background_image_as_pattern=&#8221;without_pattern&#8221;][vc_column][vc_column_text]Voici un article r\u00e9alis\u00e9 par l&#8217;AFBE sur le projet\u00a0 : https:\/\/www.bateau-electrique.com\/actualites\/port-vendres-paradis-bulle-bateau-plongee-electrique\/[\/vc_column_text][\/vc_column][\/vc_row] &nbsp;...<\/p><div class=\"q_masonry_blog_post_info\"><span itemprop=\"dateCreated\" class=\"time entry_date updated\">07 April, 2022<meta itemprop=\"interactionCount\" content=\"UserComments: <?php echo get_comments_number(qode_get_page_id()); ?>\"\/><\/span> \/ <a itemprop=\"url\" class=\"post_comments\" href=\"https:\/\/plongee-port-vendres.com\/index.php\/2022\/04\/07\/article-de-lafbe\/#respond\">No comment<\/a><\/div><\/div><\/article><article  class='post-682 post type-post status-publish format-standard has-post-thumbnail hentry category-news_bateau_electrique category-news '><div class=\"q_masonry_blog_post_image\"><a itemprop=\"url\" href=\"https:\/\/plongee-port-vendres.com\/index.php\/2022\/03\/08\/arrivee-de-le-speranca-a-port-vendres\/\" target=\"_self\"><img itemprop=\"image\" src=\"https:\/\/plongee-port-vendres.com\/wp-content\/uploads\/2022\/03\/e-SPeranc\u0327a-Port-Vendres.jpg\" \/><\/a><\/div><div class=\"q_masonry_blog_post_text\"><h5 itemprop=\"name\" class=\"q_masonry_blog_title entry_title\"><a itemprop=\"url\" href=\"https:\/\/plongee-port-vendres.com\/index.php\/2022\/03\/08\/arrivee-de-le-speranca-a-port-vendres\/\">Arriv\u00e9e de l&#8217;e-Speran\u00e7a \u00e0 Port-Vendres<\/a><\/h5><p itemprop=\"description\" class=\"q_masonry_blog_excerpt\">[vc_row css_animation=&#8221;&#8221; row_type=&#8221;row&#8221; use_row_as_full_screen_section=&#8221;no&#8221; type=&#8221;full_width&#8221; angled_section=&#8221;no&#8221; text_align=&#8221;left&#8221; background_image_as_pattern=&#8221;without_pattern&#8221;][vc_column][vc_column_text]Nous avons ramen\u00e9 le catamaran de Port-Leucate \u00e0 Port-Vendres dimanche dernier. Au programme, 3h40 de navigation \u00e0 6 noeuds, avec du vent et de la houle ! Tout s&#8217;est parfaitement d\u00e9roul\u00e9 \ud83d\ude42 Nous allons maintenant pouvoir finir les......<\/p><div class=\"q_masonry_blog_post_info\"><span itemprop=\"dateCreated\" class=\"time entry_date updated\">08 March, 2022<meta itemprop=\"interactionCount\" content=\"UserComments: <?php echo get_comments_number(qode_get_page_id()); ?>\"\/><\/span> \/ <a itemprop=\"url\" class=\"post_comments\" href=\"https:\/\/plongee-port-vendres.com\/index.php\/2022\/03\/08\/arrivee-de-le-speranca-a-port-vendres\/#respond\">No comment<\/a><\/div><\/div><\/article><article  class='post-668 post type-post status-publish format-standard has-post-thumbnail hentry category-news_bateau_electrique category-news '><div class=\"q_masonry_blog_post_image\"><a itemprop=\"url\" href=\"https:\/\/plongee-port-vendres.com\/index.php\/2022\/02\/28\/les-essais-de-le-speranca\/\" target=\"_self\"><img itemprop=\"image\" src=\"https:\/\/plongee-port-vendres.com\/wp-content\/uploads\/2022\/02\/e-Speranc\u0327a_01-scaled.jpg\" \/><\/a><\/div><div class=\"q_masonry_blog_post_text\"><h5 itemprop=\"name\" class=\"q_masonry_blog_title entry_title\"><a itemprop=\"url\" href=\"https:\/\/plongee-port-vendres.com\/index.php\/2022\/02\/28\/les-essais-de-le-speranca\/\">les essais de l&#8217;e-Speran\u00e7a<\/a><\/h5><p itemprop=\"description\" class=\"q_masonry_blog_excerpt\">[vc_row css_animation=&#8221;&#8221; row_type=&#8221;row&#8221; use_row_as_full_screen_section=&#8221;no&#8221; type=&#8221;full_width&#8221; angled_section=&#8221;no&#8221; text_align=&#8221;left&#8221; background_image_as_pattern=&#8221;without_pattern&#8221;][vc_column][vc_column_text]Apr\u00e8s l&#8217;inauguration nous avons pu tester plus en d\u00e9tails l&#8217;e-Speran\u00e7a. Au total, 3h30 de navigation ! Le bateau se manoeuvre tr\u00e8s bien. Si la puissance n\u00e9cessaire pour atteindre les 8 noeuds est bien confirm\u00e9e par rapport aux tests......<\/p><div class=\"q_masonry_blog_post_info\"><span itemprop=\"dateCreated\" class=\"time entry_date updated\">28 February, 2022<meta itemprop=\"interactionCount\" content=\"UserComments: <?php echo get_comments_number(qode_get_page_id()); ?>\"\/><\/span> \/ <a itemprop=\"url\" class=\"post_comments\" href=\"https:\/\/plongee-port-vendres.com\/index.php\/2022\/02\/28\/les-essais-de-le-speranca\/#respond\">No comment<\/a><\/div><\/div><\/article><article  class='post-662 post type-post status-publish format-standard has-post-thumbnail hentry category-news_bateau_electrique category-news '><div class=\"q_masonry_blog_post_image\"><a itemprop=\"url\" href=\"https:\/\/plongee-port-vendres.com\/index.php\/2022\/02\/28\/reportage-sur-le-speranca\/\" target=\"_self\"><img itemprop=\"image\" src=\"https:\/\/plongee-port-vendres.com\/wp-content\/uploads\/2022\/02\/e-Speranc\u0327a-02-scaled.jpg\" \/><\/a><\/div><div class=\"q_masonry_blog_post_text\"><h5 itemprop=\"name\" class=\"q_masonry_blog_title entry_title\"><a itemprop=\"url\" href=\"https:\/\/plongee-port-vendres.com\/index.php\/2022\/02\/28\/reportage-sur-le-speranca\/\">Reportage sur l&#8217;e-Speran\u00e7a !<\/a><\/h5><p itemprop=\"description\" class=\"q_masonry_blog_excerpt\">[vc_row css_animation=&#8221;&#8221; row_type=&#8221;row&#8221; use_row_as_full_screen_section=&#8221;no&#8221; type=&#8221;full_width&#8221; angled_section=&#8221;no&#8221; text_align=&#8221;left&#8221; background_image_as_pattern=&#8221;without_pattern&#8221;][vc_column][vc_column_text]Voici un reportage r\u00e9alis\u00e9 par Via Occitanie lors de l&#8217;inauguration de l&#8217;e-Speran\u00e7a, le catamaran de plong\u00e9e 100% \u00e9lectrique : https:\/\/viaoccitanie.tv\/le-premier-catamaran-de-plongee-100-electrique-en-france-est-mis-a-leau\/ Et la version plus compl\u00e8te : https:\/\/viaoccitanie.tv\/notre-territoire-en-direct-du-lundi-21-fevrier-2022\/[\/vc_column_text][\/vc_column][\/vc_row] &nbsp;...<\/p><div class=\"q_masonry_blog_post_info\"><span itemprop=\"dateCreated\" class=\"time entry_date updated\">28 February, 2022<meta itemprop=\"interactionCount\" content=\"UserComments: <?php echo get_comments_number(qode_get_page_id()); ?>\"\/><\/span> \/ <a itemprop=\"url\" class=\"post_comments\" href=\"https:\/\/plongee-port-vendres.com\/index.php\/2022\/02\/28\/reportage-sur-le-speranca\/#respond\">No comment<\/a><\/div><\/div><\/article><article  class='post-661 post type-post status-publish format-standard has-post-thumbnail hentry category-news_bateau_electrique category-news '><div class=\"q_masonry_blog_post_image\"><a itemprop=\"url\" href=\"https:\/\/plongee-port-vendres.com\/index.php\/2022\/02\/17\/article-de-presse\/\" target=\"_self\"><img itemprop=\"image\" src=\"https:\/\/plongee-port-vendres.com\/wp-content\/uploads\/2022\/01\/e-Speranc\u0327a-e1642515914163.jpg\" \/><\/a><\/div><div class=\"q_masonry_blog_post_text\"><h5 itemprop=\"name\" class=\"q_masonry_blog_title entry_title\"><a itemprop=\"url\" href=\"https:\/\/plongee-port-vendres.com\/index.php\/2022\/02\/17\/article-de-presse\/\">article de presse<\/a><\/h5><p itemprop=\"description\" class=\"q_masonry_blog_excerpt\">[vc_row css_animation=&#8221;&#8221; row_type=&#8221;row&#8221; use_row_as_full_screen_section=&#8221;no&#8221; type=&#8221;full_width&#8221; angled_section=&#8221;no&#8221; text_align=&#8221;left&#8221; background_image_as_pattern=&#8221;without_pattern&#8221;][vc_column][vc_column_text]Superbe article de l&#8217;Ind\u00e9pendant pr\u00e9sentant le projet : https:\/\/www.lindependant.fr\/2022\/02\/10\/littoral-le-premier-bateau-de-plongee-100-electrique-sera-mis-a-leau-a-leucate-avant-de-samarrer-a-port-vendres-10101700.php?fbclid=IwAR1G5hnHsc1KLalTsveU6pg9RuM283_Le9jSkjAmJABJUCMYUcAZyy3y3V4 [\/vc_column_text][\/vc_column][\/vc_row]...<\/p><div class=\"q_masonry_blog_post_info\"><span itemprop=\"dateCreated\" class=\"time entry_date updated\">17 February, 2022<meta itemprop=\"interactionCount\" content=\"UserComments: <?php echo get_comments_number(qode_get_page_id()); ?>\"\/><\/span> \/ <a itemprop=\"url\" class=\"post_comments\" href=\"https:\/\/plongee-port-vendres.com\/index.php\/2022\/02\/17\/article-de-presse\/#respond\">No comment<\/a><\/div><\/div><\/article><\/div>[\/vc_column][\/vc_row]","protected":false},"excerpt":{"rendered":"<p>[vc_row css_animation=&#8221;&#8221; row_type=&#8221;row&#8221; use_row_as_full_screen_section=&#8221;no&#8221; type=&#8221;full_width&#8221; angled_section=&#8221;no&#8221; text_align=&#8221;left&#8221; background_image_as_pattern=&#8221;without_pattern&#8221;][vc_column][vc_separator type=&#8221;normal&#8221; up=&#8221;20&#8243; down=&#8221;20&#8243;][vc_separator type=&#8221;normal&#8221; up=&#8221;20&#8243; down=&#8221;20&#8243;][vc_row_inner row_type=&#8221;row&#8221; type=&#8221;full_width&#8221; text_align=&#8221;left&#8221; css_animation=&#8221;&#8221;][vc_column_inner][\/vc_column_inner][\/vc_row_inner][vc_separator type=&#8221;normal&#8221; up=&#8221;20&#8243; down=&#8221;20&#8243;][vc_column_text] Conception &nbsp; L&#8217;id\u00e9e est de prendre un catamaran (afin de limiter la train\u00e9e), avec le maximum d&#8217;espace disponible \u00e0 bord pour pouvoir prendre un&#8230;<\/p>\n","protected":false},"author":1,"featured_media":0,"parent":0,"menu_order":0,"comment_status":"closed","ping_status":"closed","template":"","meta":{"spay_email":""},"_links":{"self":[{"href":"https:\/\/plongee-port-vendres.com\/index.php\/wp-json\/wp\/v2\/pages\/381"}],"collection":[{"href":"https:\/\/plongee-port-vendres.com\/index.php\/wp-json\/wp\/v2\/pages"}],"about":[{"href":"https:\/\/plongee-port-vendres.com\/index.php\/wp-json\/wp\/v2\/types\/page"}],"author":[{"embeddable":true,"href":"https:\/\/plongee-port-vendres.com\/index.php\/wp-json\/wp\/v2\/users\/1"}],"replies":[{"embeddable":true,"href":"https:\/\/plongee-port-vendres.com\/index.php\/wp-json\/wp\/v2\/comments?post=381"}],"version-history":[{"count":2,"href":"https:\/\/plongee-port-vendres.com\/index.php\/wp-json\/wp\/v2\/pages\/381\/revisions"}],"predecessor-version":[{"id":383,"href":"https:\/\/plongee-port-vendres.com\/index.php\/wp-json\/wp\/v2\/pages\/381\/revisions\/383"}],"wp:attachment":[{"href":"https:\/\/plongee-port-vendres.com\/index.php\/wp-json\/wp\/v2\/media?parent=381"}],"curies":[{"name":"wp","href":"https:\/\/api.w.org\/{rel}","templated":true}]}}