{"id":19,"date":"2019-11-06T00:04:49","date_gmt":"2019-11-05T23:04:49","guid":{"rendered":"http:\/\/plongee-port-vendres.com\/?page_id=19"},"modified":"2025-02-12T22:31:00","modified_gmt":"2025-02-12T21:31:00","slug":"accueil","status":"publish","type":"page","link":"https:\/\/plongee-port-vendres.com\/","title":{"rendered":"Accueil"},"content":{"rendered":"<p>[vc_row css_animation=&#8221;&#8221; row_type=&#8221;row&#8221; use_row_as_full_screen_section=&#8221;no&#8221; type=&#8221;full_width&#8221; angled_section=&#8221;no&#8221; text_align=&#8221;left&#8221; background_image_as_pattern=&#8221;without_pattern&#8221;][vc_column][vc_column_text]<\/p>\n<div class=\"wp-block-cover has-background-dim-30 has-background-dim\" style=\"background-image: url('https:\/\/plongee-port-vendres.com\/wp-content\/uploads\/2019\/11\/IMG_2840-e1572994773427.jpg');\">\n<div class=\"wp-block-cover__inner-container\">\n<p class=\"has-large-font-size\" style=\"text-align: center;\"><strong>Plong\u00e9e Port-Vendres<\/strong><\/p>\n<\/div>\n<\/div>\n<div class=\"wp-block-columns has-3-columns\">\n<div class=\"wp-block-column\"><!-- \/wp:image --><\/div>\n<p><!-- \/wp:column --><\/p>\n<\/div>\n<p><!-- \/wp:columns --><\/p>\n<article class=\"post type-post status-publish format-standard hentry category-Actus \"><\/article>\n<p>[\/vc_column_text][vc_separator type=&#8221;normal&#8221; up=&#8221;20&#8243; down=&#8221;60&#8243;][\/vc_column][\/vc_row][vc_row css_animation=&#8221;&#8221; row_type=&#8221;row&#8221; use_row_as_full_screen_section=&#8221;no&#8221; type=&#8221;full_width&#8221; angled_section=&#8221;no&#8221; text_align=&#8221;left&#8221; background_image_as_pattern=&#8221;without_pattern&#8221;][vc_column][vc_column_text]<\/p>\n<p>[\/vc_column_text][vc_column_text]Bienvenue sur le site de www.plongee-port-vendres.com.<\/p>\n<p>L&#8217;objectif de ce site est de pr\u00e9senter les principales actions men\u00e9es pour l&#8217;environnement par le club de plong\u00e9e le Paradis des Bulles. Ce site se veut vivant, avec r\u00e9guli\u00e8rement des publications pour compl\u00e9ter ou d\u00e9tailler les projets.[\/vc_column_text][vc_empty_space][\/vc_column][\/vc_row][vc_row css_animation=&#8221;&#8221; row_type=&#8221;row&#8221; use_row_as_full_screen_section=&#8221;no&#8221; type=&#8221;full_width&#8221; angled_section=&#8221;no&#8221; text_align=&#8221;left&#8221; background_image_as_pattern=&#8221;without_pattern&#8221;][vc_column width=&#8221;1\/2&#8243;]<div class=\"cq-imageoverlay2-container  \" data-elementheight=\"\" data-overlaycolor=\"rgba(79,176,228,0.8)\"  data-image=\"2\" data-titlesize=\"\" data-contentsize=\"\" data-contentcolor=\"\" data-overlaystyle=\"customized\" data-elementmargin=\"\"><a href=\"https:\/\/plongee-port-vendres.com\/index.php\/la-plongee\/\" title=\"La plong\u00e9e\" target=\"\" class=\"cq-imageoverlay2-link\"><div class=\"cq-imageoverlay2\"><img src=\"https:\/\/plongee-port-vendres.com\/wp-content\/uploads\/2019\/11\/Uyada_Bear.jpg\" class=\"cq-imageoverlay2-img\" \/><div class=\"text-container\"><h3 class=\"cq-imageoverlay2-title\">Une autre approche de la plong\u00e9e !<\/h3><\/div><div class=\"cq-imageoverlay2-background\"><\/div><\/div><\/a><\/div>[vc_column_text]<\/p>\n<h2 style=\"text-align: center;\">La plong\u00e9e durable<\/h2>\n<p>[\/vc_column_text][vc_empty_space][\/vc_column][vc_column width=&#8221;1\/2&#8243;]<div class=\"cq-imageoverlay2-container  \" data-elementheight=\"\" data-overlaycolor=\"rgba(79,176,228,0.8)\"  data-image=\"7\" data-titlesize=\"\" data-contentsize=\"\" data-contentcolor=\"\" data-overlaystyle=\"customized\" data-elementmargin=\"\"><a href=\"https:\/\/plongee-port-vendres.com\/index.php\/les-bateaux-electriques\/\" title=\"Le bateau de plong\u00e9e 100% \u00e9lectrique\" target=\"\" class=\"cq-imageoverlay2-link\"><div class=\"cq-imageoverlay2\"><img src=\"https:\/\/plongee-port-vendres.com\/wp-content\/uploads\/2022\/12\/DJI_0963.jpg\" class=\"cq-imageoverlay2-img\" \/><div class=\"text-container\"><h3 class=\"cq-imageoverlay2-title\">Pour une d\u00e9marche encore plus respectueuse de l'environnement !<\/h3><\/div><div class=\"cq-imageoverlay2-background\"><\/div><\/div><\/a><\/div>[vc_column_text]<\/p>\n<h2 style=\"text-align: center;\">Nos bateaux de plong\u00e9e 100% \u00e9lectrique<\/h2>\n<p>[\/vc_column_text][vc_empty_space][\/vc_column][\/vc_row][vc_row css_animation=&#8221;&#8221; row_type=&#8221;row&#8221; use_row_as_full_screen_section=&#8221;no&#8221; type=&#8221;full_width&#8221; angled_section=&#8221;no&#8221; text_align=&#8221;left&#8221; background_image_as_pattern=&#8221;without_pattern&#8221;][vc_column width=&#8221;1\/2&#8243;]<div class=\"cq-imageoverlay2-container  \" data-elementheight=\"\" data-overlaycolor=\"rgba(79,176,228,0.8)\"  data-image=\"3\" data-titlesize=\"\" data-contentsize=\"\" data-contentcolor=\"\" data-overlaystyle=\"customized\" data-elementmargin=\"\"><a href=\"https:\/\/plongee-port-vendres.com\/index.php\/finsulate\/\" title=\"La plong\u00e9e\" target=\"\" class=\"cq-imageoverlay2-link\"><div class=\"cq-imageoverlay2\"><img src=\"https:\/\/plongee-port-vendres.com\/wp-content\/uploads\/2021\/03\/IMG_0482-rotated.jpg\" class=\"cq-imageoverlay2-img\" \/><div class=\"text-container\"><h3 class=\"cq-imageoverlay2-title\">Les solutions \u00e9cologiques alternatives aux produits toxiques !<\/h3><p class=\"cq-imageoverlay2-content\">test\u00e9es pour vous !<\/p><\/div><div class=\"cq-imageoverlay2-background\"><\/div><\/div><\/a><\/div>[vc_column_text]<\/p>\n<h2 style=\"text-align: center;\">Les alternatives \u00e0 l&#8217;antifouling chimique<\/h2>\n<p>[\/vc_column_text][vc_empty_space][\/vc_column][vc_column width=&#8221;1\/2&#8243;]<div class=\"cq-imageoverlay2-container  \" data-elementheight=\"\" data-overlaycolor=\"rgba(79,176,228,0.8)\"  data-image=\"5\" data-titlesize=\"\" data-contentsize=\"\" data-contentcolor=\"\" data-overlaystyle=\"customized\" data-elementmargin=\"\"><a href=\"https:\/\/plongee-port-vendres.com\/index.php\/le-nettoyage-du-port\/\" title=\"Le nettoyage du port\" target=\"\" class=\"cq-imageoverlay2-link\"><div class=\"cq-imageoverlay2\"><img src=\"https:\/\/plongee-port-vendres.com\/wp-content\/uploads\/2019\/11\/60545465_421078882048561_9209698428647374848_n.jpg\" class=\"cq-imageoverlay2-img\" \/><div class=\"text-container\"><h3 class=\"cq-imageoverlay2-title\">Organisation et bilans !<\/h3><\/div><div class=\"cq-imageoverlay2-background\"><\/div><\/div><\/a><\/div>[vc_column_text]<\/p>\n<h2 style=\"text-align: center;\">Le nettoyage du port<\/h2>\n<p>[\/vc_column_text][vc_empty_space][\/vc_column][\/vc_row][vc_row css_animation=&#8221;&#8221; row_type=&#8221;row&#8221; use_row_as_full_screen_section=&#8221;no&#8221; type=&#8221;full_width&#8221; angled_section=&#8221;no&#8221; text_align=&#8221;left&#8221; background_image_as_pattern=&#8221;without_pattern&#8221;][vc_column width=&#8221;1\/2&#8243;]<div class=\"cq-imageoverlay2-container  \" data-elementheight=\"\" data-overlaycolor=\"rgba(79,176,228,0.8)\"  data-image=\"7\" data-titlesize=\"\" data-contentsize=\"\" data-contentcolor=\"\" data-overlaystyle=\"customized\" data-elementmargin=\"\"><a href=\"https:\/\/plongee-port-vendres.com\/index.php\/la-station-de-gonflage-autonome\/\" title=\"La plong\u00e9e\" target=\"\" class=\"cq-imageoverlay2-link\"><div class=\"cq-imageoverlay2\"><img src=\"https:\/\/plongee-port-vendres.com\/wp-content\/uploads\/2022\/06\/Capture-de\u0301cran-2022-06-18-a\u0300-10.04.05.png\" class=\"cq-imageoverlay2-img\" \/><div class=\"text-container\"><h3 class=\"cq-imageoverlay2-title\">Pour une approche toujours plus durable de la plong\u00e9e !<\/h3><\/div><div class=\"cq-imageoverlay2-background\"><\/div><\/div><\/a><\/div>[vc_column_text]<\/p>\n<h2 style=\"text-align: center;\">La station de gonflage autonome<\/h2>\n<p>[\/vc_column_text][vc_empty_space][\/vc_column][vc_column width=&#8221;1\/2&#8243;]<div class=\"cq-imageoverlay2-container  \" data-elementheight=\"\" data-overlaycolor=\"rgba(79,176,228,0.8)\"  data-image=\"8\" data-titlesize=\"\" data-contentsize=\"\" data-contentcolor=\"\" data-overlaystyle=\"customized\" data-elementmargin=\"\"><a href=\"https:\/\/plongee-port-vendres.com\/index.php\/empreinte-carbone-de-la-plongee\/\" title=\"Le nettoyage du port\" target=\"\" class=\"cq-imageoverlay2-link\"><div class=\"cq-imageoverlay2\"><img src=\"https:\/\/plongee-port-vendres.com\/wp-content\/uploads\/2023\/01\/Capture-de\u0301cran-2023-01-22-a\u0300-18.27.41.png\" class=\"cq-imageoverlay2-img\" \/><div class=\"text-container\"><h3 class=\"cq-imageoverlay2-title\">L'impact carbone de la plong\u00e9e<\/h3><\/div><div class=\"cq-imageoverlay2-background\"><\/div><\/div><\/a><\/div>[vc_column_text]<\/p>\n<h2 style=\"text-align: center;\">L&#8217;empreinte carbone de la plong\u00e9e<\/h2>\n<p>[\/vc_column_text][vc_empty_space][\/vc_column][\/vc_row][vc_row css_animation=&#8221;&#8221; row_type=&#8221;row&#8221; use_row_as_full_screen_section=&#8221;no&#8221; type=&#8221;full_width&#8221; angled_section=&#8221;no&#8221; text_align=&#8221;left&#8221; background_image_as_pattern=&#8221;without_pattern&#8221;][vc_column][vc_separator type=&#8221;normal&#8221; up=&#8221;60&#8243; down=&#8221;20&#8243;][vc_column_text]<\/p>\n<h2 style=\"text-align: center;\">News<\/h2>\n<p>[\/vc_column_text][vc_empty_space height=&#8221;20px&#8221;]<div class='q_masonry_blog'><div class=\"q_masonry_blog_grid_sizer\"><\/div><div class=\"q_masonry_blog_grid_gutter\"><\/div><article  class='post-763 post type-post status-publish format-standard has-post-thumbnail hentry category-bilans_nettoyage category-news '><div class=\"q_masonry_blog_post_image\"><a itemprop=\"url\" href=\"https:\/\/plongee-port-vendres.com\/index.php\/2022\/10\/11\/bilan-nettoyage-du-port-2022\/\" target=\"_self\"><img itemprop=\"image\" src=\"https:\/\/plongee-port-vendres.com\/wp-content\/uploads\/2022\/10\/IMG_5395-rotated.jpg\" \/><\/a><\/div><div class=\"q_masonry_blog_post_text\"><h5 itemprop=\"name\" class=\"q_masonry_blog_title entry_title\"><a itemprop=\"url\" href=\"https:\/\/plongee-port-vendres.com\/index.php\/2022\/10\/11\/bilan-nettoyage-du-port-2022\/\">Bilan nettoyage du port 2022<\/a><\/h5><p itemprop=\"description\" class=\"q_masonry_blog_excerpt\">[vc_row css_animation=&#8221;&#8221; row_type=&#8221;row&#8221; use_row_as_full_screen_section=&#8221;no&#8221; type=&#8221;full_width&#8221; angled_section=&#8221;no&#8221; text_align=&#8221;left&#8221; background_image_as_pattern=&#8221;without_pattern&#8221;][vc_column][vc_column_text]Encore une super journ\u00e9e cette ann\u00e9e pour le nettoyage du port ! Une bonne \u00e9quipe de plongeurs, nageurs, b\u00e9n\u00e9voles \u00e0 terre&#8230; Au total, encore une r\u00e9colte (malheureusement) impressionnante : 75 bouteilles de verre; 25 pneus; 68 bouteilles plastiques;......<\/p><div class=\"q_masonry_blog_post_info\"><span itemprop=\"dateCreated\" class=\"time entry_date updated\">11 October, 2022<meta itemprop=\"interactionCount\" content=\"UserComments: <?php echo get_comments_number(qode_get_page_id()); ?>\"\/><\/span> \/ <a itemprop=\"url\" class=\"post_comments\" href=\"https:\/\/plongee-port-vendres.com\/index.php\/2022\/10\/11\/bilan-nettoyage-du-port-2022\/#respond\">No comment<\/a><\/div><\/div><\/article><article  class='post-759 post type-post status-publish format-standard hentry category-news category-organisation_nettoyage '><div class=\"q_masonry_blog_post_image\"><\/div><div class=\"q_masonry_blog_post_text\"><h5 itemprop=\"name\" class=\"q_masonry_blog_title entry_title\"><a itemprop=\"url\" href=\"https:\/\/plongee-port-vendres.com\/index.php\/2022\/10\/01\/nettoyage-du-port-de-port-vendres-2022\/\">Nettoyage du port de Port-Vendres 2022<\/a><\/h5><p itemprop=\"description\" class=\"q_masonry_blog_excerpt\">[vc_row css_animation=&#8221;&#8221; row_type=&#8221;row&#8221; use_row_as_full_screen_section=&#8221;no&#8221; type=&#8221;full_width&#8221; angled_section=&#8221;no&#8221; text_align=&#8221;left&#8221; background_image_as_pattern=&#8221;without_pattern&#8221;][vc_column][vc_column_text]L&#8217;op\u00e9ration citoyenne de nettoyage du port de Port-Vendres 2022 aura lieu le dimanche 9 octobre ! N&#8217;h\u00e9sitez pas \u00e0 nous contacter pour plus d&#8217;informations.[\/vc_column_text][\/vc_column][\/vc_row]...<\/p><div class=\"q_masonry_blog_post_info\"><span itemprop=\"dateCreated\" class=\"time entry_date updated\">01 October, 2022<meta itemprop=\"interactionCount\" content=\"UserComments: <?php echo get_comments_number(qode_get_page_id()); ?>\"\/><\/span> \/ <a itemprop=\"url\" class=\"post_comments\" href=\"https:\/\/plongee-port-vendres.com\/index.php\/2022\/10\/01\/nettoyage-du-port-de-port-vendres-2022\/#respond\">No comment<\/a><\/div><\/div><\/article><article  class='post-749 post type-post status-publish format-standard hentry category-news_bateau_electrique category-news '><div class=\"q_masonry_blog_post_image\"><\/div><div class=\"q_masonry_blog_post_text\"><h5 itemprop=\"name\" class=\"q_masonry_blog_title entry_title\"><a itemprop=\"url\" href=\"https:\/\/plongee-port-vendres.com\/index.php\/2022\/08\/28\/participation-au-festival-de-pignon-sur-mer\/\">Participation au festival de Pignon sur Mer<\/a><\/h5><p itemprop=\"description\" class=\"q_masonry_blog_excerpt\">[vc_row css_animation=&#8221;&#8221; row_type=&#8221;row&#8221; use_row_as_full_screen_section=&#8221;no&#8221; type=&#8221;full_width&#8221; angled_section=&#8221;no&#8221; text_align=&#8221;left&#8221; background_image_as_pattern=&#8221;without_pattern&#8221;][vc_column][vc_column_text]Samedi 10 septembre \u00e0 17h, le Paradis des Bulles pr\u00e9sentera son centre de plong\u00e9e \u00e9co-responsable et tout particuli\u00e8rement l&#8217;e-Speran\u00e7a, le catamaran de plong\u00e9e 100% \u00e9lectrique dans le cadre du Festival Pignon sur Mer qui se d\u00e9roulera du 9......<\/p><div class=\"q_masonry_blog_post_info\"><span itemprop=\"dateCreated\" class=\"time entry_date updated\">28 August, 2022<meta itemprop=\"interactionCount\" content=\"UserComments: <?php echo get_comments_number(qode_get_page_id()); ?>\"\/><\/span> \/ <a itemprop=\"url\" class=\"post_comments\" href=\"https:\/\/plongee-port-vendres.com\/index.php\/2022\/08\/28\/participation-au-festival-de-pignon-sur-mer\/#respond\">No comment<\/a><\/div><\/div><\/article><\/div>[\/vc_column][\/vc_row]<\/p>\n","protected":false},"excerpt":{"rendered":"<p>[vc_row css_animation=&#8221;&#8221; row_type=&#8221;row&#8221; use_row_as_full_screen_section=&#8221;no&#8221; type=&#8221;full_width&#8221; angled_section=&#8221;no&#8221; text_align=&#8221;left&#8221; background_image_as_pattern=&#8221;without_pattern&#8221;][vc_column][vc_column_text] Plong\u00e9e Port-Vendres [\/vc_column_text][vc_separator type=&#8221;normal&#8221; up=&#8221;20&#8243; down=&#8221;60&#8243;][\/vc_column][\/vc_row][vc_row css_animation=&#8221;&#8221; row_type=&#8221;row&#8221; use_row_as_full_screen_section=&#8221;no&#8221; type=&#8221;full_width&#8221; angled_section=&#8221;no&#8221; text_align=&#8221;left&#8221; background_image_as_pattern=&#8221;without_pattern&#8221;][vc_column][vc_column_text] [\/vc_column_text][vc_column_text]Bienvenue sur le site de www.plongee-port-vendres.com. L&#8217;objectif de ce site est de pr\u00e9senter les principales actions men\u00e9es pour l&#8217;environnement par le club de plong\u00e9e&#8230;<\/p>\n","protected":false},"author":1,"featured_media":0,"parent":0,"menu_order":0,"comment_status":"closed","ping_status":"closed","template":"","meta":{"spay_email":""},"_links":{"self":[{"href":"https:\/\/plongee-port-vendres.com\/index.php\/wp-json\/wp\/v2\/pages\/19"}],"collection":[{"href":"https:\/\/plongee-port-vendres.com\/index.php\/wp-json\/wp\/v2\/pages"}],"about":[{"href":"https:\/\/plongee-port-vendres.com\/index.php\/wp-json\/wp\/v2\/types\/page"}],"author":[{"embeddable":true,"href":"https:\/\/plongee-port-vendres.com\/index.php\/wp-json\/wp\/v2\/users\/1"}],"replies":[{"embeddable":true,"href":"https:\/\/plongee-port-vendres.com\/index.php\/wp-json\/wp\/v2\/comments?post=19"}],"version-history":[{"count":54,"href":"https:\/\/plongee-port-vendres.com\/index.php\/wp-json\/wp\/v2\/pages\/19\/revisions"}],"predecessor-version":[{"id":890,"href":"https:\/\/plongee-port-vendres.com\/index.php\/wp-json\/wp\/v2\/pages\/19\/revisions\/890"}],"wp:attachment":[{"href":"https:\/\/plongee-port-vendres.com\/index.php\/wp-json\/wp\/v2\/media?parent=19"}],"curies":[{"name":"wp","href":"https:\/\/api.w.org\/{rel}","templated":true}]}}