{"id":10,"date":"2019-11-05T23:56:30","date_gmt":"2019-11-05T22:56:30","guid":{"rendered":"http:\/\/plongee-port-vendres.com\/?page_id=10"},"modified":"2021-10-11T21:49:49","modified_gmt":"2021-10-11T19:49:49","slug":"le-nettoyage-du-port","status":"publish","type":"page","link":"https:\/\/plongee-port-vendres.com\/index.php\/le-nettoyage-du-port\/","title":{"rendered":"Le nettoyage du port"},"content":{"rendered":"<p>[vc_row css_animation=&#8221;&#8221; row_type=&#8221;row&#8221; use_row_as_full_screen_section=&#8221;no&#8221; type=&#8221;full_width&#8221; angled_section=&#8221;no&#8221; text_align=&#8221;left&#8221; background_image_as_pattern=&#8221;without_pattern&#8221;][vc_column][vc_column_text] En 2019 une op\u00e9ration de nettoyage du port de Port-Vendres a \u00e9t\u00e9 organis\u00e9 pour la premi\u00e8re fois \u00e0 l&#8217;initiative du centre de plong\u00e9e <a href=\"https:\/\/www.leparadisdesbulles.com\" target=\"_blank\" rel=\"noreferrer noopener\" aria-label=\" (s\u2019ouvre dans un nouvel onglet)\">le Paradis des Bulles<\/a>. Retrouvez ici toutes les informations (organisation, bilans, partenaires, actualit\u00e9s&#8230;) . En 2020, l&#8217;op\u00e9ration a \u00e9t\u00e9 annul\u00e9e mais en 2021 elle aura lieu le dimanche 10 octobre ! Voici le lien pour s&#8217;inscrire : <a href=\"https:\/\/docs.google.com\/forms\/d\/e\/1FAIpQLSfSNMXgaS-FYsn9QPpd3o5jBU9pGfqjAVF69gz7lEZgc-Xejg\/viewform?usp=sf_link\">https:\/\/docs.google.com\/forms\/d\/e\/1FAIpQLSfSNMXgaS-FYsn9QPpd3o5jBU9pGfqjAVF69gz7lEZgc-Xejg\/viewform?usp=sf_link<\/a> Rendez-vous \u00e0 9h dimanche (entre le quai de l&#8217;Artillerie et le quai Fanal) ou 13h30 pour ceux qui veulent venir l&#8217;apr\u00e8s-midi. Il y en a pour tous, plongeurs et non plongeurs !<\/p>\r\n<ul>\r\n<li>On va faire des groupes de 4 : 2 plongeurs dans l&#8217;eau, une s\u00e9curit\u00e9 \u00e0 la surface en palmes\/masque\/tuba et une personne \u00e0 terre en surveillance et pour ramasser les d\u00e9chets.<\/li>\r\n<li>Chaque palanqu\u00e9e se verra attribuer une zone, avec un relais via la s\u00e9curit\u00e9 en PMT.<\/li>\r\n<li>30min dans l&#8217;eau par palanqu\u00e9e, sachant que l&#8217;eau n&#8217;est pas particuli\u00e8rement chaude et que c&#8217;est des conditions de plong\u00e9e un peu sp\u00e9ciales.<\/li>\r\n<\/ul>\r\n<p>Bient\u00f4t plus d&#8217;informations sur le sujet ! Le repas sera pris ensemble le midi sur place, pensez \u00e0 venir avec votre vaisselle et votre gourde \ud83d\ude42 [\/vc_column_text][vc_separator type=&#8221;normal&#8221; up=&#8221;20&#8243; down=&#8221;20&#8243;][vc_column_text]<\/p>\r\n<h2>Objectifs<\/h2>\r\n<p>&nbsp;<\/p>\r\n<!-- \/wp:heading -->\r\n\r\n<!-- wp:list -->\r\n<ul>\r\n<li>Proposer une action <strong>citoyenne et participative;<\/strong><\/li>\r\n<li><strong>Sensibiliser le grand public<\/strong>, qu\u2019il soit plongeur, plaisancier, p\u00eacheur ou promeneur, \u00e0 la pr\u00e9servation du milieu marin, et ceci en ad\u00e9quation d\u2019une part avec les actions d\u00e9j\u00e0 men\u00e9es en ce sens dans le cadre de la campagne <em>Ecogestes M\u00e9diterran\u00e9e<\/em>, et d\u2019autre part, avec la d\u00e9marche engag\u00e9e pour obtenir la certification Port Propre.<\/li>\r\n<li><strong>Promouvoir la plong\u00e9e sous-marine \u00e0 Port-Vendres;<\/strong><\/li>\r\n<li><strong>Eduquer les enfants de Port-Vendres<\/strong> \u00e0 un comportement \u00e9co-citoyen et respectueux de la mer en leur proposant de participer \u00e0 une action de ramassage des d\u00e9chets au niveau de la crique de l\u2019Oli choisie comme Aire Marine Educative.<\/li>\r\n<li><strong>Valoriser le partenariat<\/strong> entre l\u2019\u00c9tat, le D\u00e9partement, la Commune de Port-Vendres et la Communaut\u00e9 de Communes Alb\u00e8res C\u00f4te Vermeille Illib\u00e9ris dans le cadre de la nouvelle gouvernance pour valoriser les espaces publics portuaires et urbains de la zone interface Ville \u2013 Port mais \u00e9galement naturels de l\u2019anse de l\u2019Oli.<\/li>\r\n<\/ul>\r\n<!-- \/wp:list -->\r\n\r\n<!-- wp:spacer {\"height\":20} --><!-- \/wp:spacer -->\r\n\r\n<!-- wp:separator -->\r\n<p>[\/vc_column_text][vc_separator type=&#8221;normal&#8221; up=&#8221;20&#8243; down=&#8221;20&#8243;][vc_column_text]<\/p>\r\n<h2>Partenaires<\/h2>\r\n<p>&nbsp;<\/p>\r\n<p><!-- \/wp:heading --><\/p>\r\n<p><!-- wp:paragraph -->Le nettoyage de port est une op\u00e9ration complexe \u00e0 mettre en oeuvre. La plong\u00e9e est en effet interdite dans le port. Il faut donc des autorisations sp\u00e9ciales, sans compter les moyens pour r\u00e9cup\u00e9rer les d\u00e9chets&#8230;<\/p>\r\n<p><!-- \/wp:paragraph --><\/p>\r\n<p><!-- wp:spacer {\"height\":20} --><\/p>\r\n<div class=\"wp-block-spacer\" style=\"height: 20px;\" aria-hidden=\"true\">\u00a0<\/div>\r\n<p><!-- \/wp:spacer --><\/p>\r\n<p><!-- wp:heading {\"level\":3} --><\/p>\r\n<h3>Partenaires institutionnels<\/h3>\r\n<p><!-- \/wp:heading --><\/p>\r\n<p><!-- wp:list --><\/p>\r\n<ul>\r\n<li>D\u00e9partement des Pyr\u00e9n\u00e9es-Orientales<\/li>\r\n<li>Parc Naturel Marin du Golfe du Lion<\/li>\r\n<li>Mairie de Port-Vendres<\/li>\r\n<li>Communaut\u00e9 de communes Alb\u00e8res C\u00f4te Vermeille Illib\u00e9ris<\/li>\r\n<li>CCI<\/li>\r\n<li>Capitainerie du port de Port-Vendres<\/li>\r\n<li>l\u2019\u00e9cole Pasteur de Port-Vendres en charge de l\u2019Aire Marine Educative de la crique de l\u2019Oli<\/li>\r\n<\/ul>\r\n<p><!-- \/wp:list --><\/p>\r\n<p><!-- wp:spacer {\"height\":20} --><\/p>\r\n<div class=\"wp-block-spacer\" style=\"height: 20px;\" aria-hidden=\"true\">\u00a0<\/div>\r\n<p><!-- \/wp:spacer --><\/p>\r\n<p><!-- wp:heading {\"level\":3} --><\/p>\r\n<h3>Clubs participants \u00e0 l&#8217;op\u00e9ration<\/h3>\r\n<p><!-- \/wp:heading --><\/p>\r\n<p><!-- wp:list --><\/p>\r\n<ul>\r\n<li><a href=\"https:\/\/www.leparadisdesbulles.fr\" target=\"_blank\" rel=\"noreferrer noopener\" aria-label=\" (s\u2019ouvre dans un nouvel onglet)\">Le Paradis des Bulles<\/a><\/li>\r\n<li><a href=\"https:\/\/nostramar.fr\" target=\"_blank\" rel=\"noreferrer noopener\" aria-label=\" (s\u2019ouvre dans un nouvel onglet)\">Nostra Mar<\/a><\/li>\r\n<li><a href=\"https:\/\/tsr-collioure.com\/\">TSR<\/a> (Travaux Subaquatiques du Roussillon)<\/li>\r\n<\/ul>\r\n<p><!-- \/wp:list --><\/p>\r\n<p><!-- wp:spacer {\"height\":20} --><\/p>\r\n<div class=\"wp-block-spacer\" style=\"height: 20px;\" aria-hidden=\"true\">\u00a0<\/div>\r\n<p><!-- \/wp:spacer --><\/p>\r\n<p><!-- wp:heading {\"level\":3} --><\/p>\r\n<h3>Partenaires logistique<\/h3>\r\n<p><!-- \/wp:heading --><\/p>\r\n<p><!-- wp:list --><\/p>\r\n<ul>\r\n<li>Intermarch\u00e9 Port-Vendres<\/li>\r\n<li>boulangerie les Pains du Quai, \u00e0 Port-Vendres<\/li>\r\n<li>Initiatives Oc\u00e9anes<\/li>\r\n<li>le Parlement de la Mer de la r\u00e9gion Occitanie<\/li>\r\n<\/ul>\r\n<p>[\/vc_column_text][vc_empty_space height=&#8221;20px&#8221;]<div class='qode_image_gallery_no_space  highlight_active'><div class='qode_image_gallery_holder' style='height: 200px;'><ul  ><li style = \"opacity: 0,5\" ><div style=\"height: 200px; width:449px;\"><img itemprop=\"image\" src=\"https:\/\/plongee-port-vendres.com\/wp-content\/uploads\/2019\/11\/AFB_300dpi.jpg\" alt=\"\" \/><\/div><\/li><li style = \"opacity: 0,5\" ><div style=\"height: 200px; width:200px;\"><img itemprop=\"image\" src=\"https:\/\/plongee-port-vendres.com\/wp-content\/uploads\/2019\/11\/Logo_PNMGDL_HD.jpg\" alt=\"\" \/><\/div><\/li><li style = \"opacity: 0,5\" ><div style=\"height: 200px; width:751px;\"><img itemprop=\"image\" src=\"https:\/\/plongee-port-vendres.com\/wp-content\/uploads\/2019\/12\/CCI-PV-Perpi-1ligne-CS4.jpg\" alt=\"\" \/><\/div><\/li><li style = \"opacity: 0,5\" ><div style=\"height: 200px; width:160px;\"><img itemprop=\"image\" src=\"https:\/\/plongee-port-vendres.com\/wp-content\/uploads\/2019\/12\/logoquadri.jpg\" alt=\"\" \/><\/div><\/li><li style = \"opacity: 0,5\" ><div style=\"height: 200px; width:168px;\"><img itemprop=\"image\" src=\"https:\/\/plongee-port-vendres.com\/wp-content\/uploads\/2021\/09\/logo-acvi-rvb-2016.png\" alt=\"\" \/><\/div><\/li><li style = \"opacity: 0,5\" ><div style=\"height: 200px; width:383px;\"><img itemprop=\"image\" src=\"https:\/\/plongee-port-vendres.com\/wp-content\/uploads\/2019\/11\/logo_carrefour.png\" alt=\"\" \/><\/div><\/li><li style = \"opacity: 0,5\" ><div style=\"height: 200px; width:200px;\"><img itemprop=\"image\" src=\"https:\/\/plongee-port-vendres.com\/wp-content\/uploads\/2019\/11\/logo_intermarche.png\" alt=\"\" \/><\/div><\/li><li style = \"opacity: 0,5\" ><div style=\"height: 200px; width:291px;\"><img itemprop=\"image\" src=\"https:\/\/plongee-port-vendres.com\/wp-content\/uploads\/2019\/11\/1006_1.jpg\" alt=\"\" \/><\/div><\/li><li style = \"opacity: 0,5\" ><div style=\"height: 200px; width:356px;\"><img itemprop=\"image\" src=\"https:\/\/plongee-port-vendres.com\/wp-content\/uploads\/2019\/11\/Lidl_Logo.png\" alt=\"\" \/><\/div><\/li><li style = \"opacity: 0,5\" ><div style=\"height: 200px; width:201px;\"><img itemprop=\"image\" src=\"https:\/\/plongee-port-vendres.com\/wp-content\/uploads\/2019\/11\/Logo-Nostra-Mar-texte-bleu.png\" alt=\"\" \/><\/div><\/li><li style = \"opacity: 0,5\" ><div style=\"height: 200px; width:202px;\"><img itemprop=\"image\" src=\"https:\/\/plongee-port-vendres.com\/wp-content\/uploads\/2019\/11\/ParadisDesBulles_logo_150x150.png\" alt=\"\" \/><\/div><\/li><\/ul><\/div><div class=\"controls\"><a class=\"prev-slide\" href=\"#\"><span><i class=\"fa fa-angle-left\"><\/i><\/span><\/a><a class=\"next-slide\" href=\"#\"><span><i class=\"fa fa-angle-right\"><\/i><\/span><\/a><\/div><\/div>[vc_empty_space height=&#8221;20px&#8221;][vc_column_text]<\/p>\r\n<p style=\"text-align: center;\">Vous voulez rejoindre l&#8217;aventure ?<\/p>\r\n<p style=\"text-align: center;\"><a href=\"mailto: contact@leparadisdesbulles.fr\">Contactez-nous<\/a> vite !<\/p>\r\n<p>[\/vc_column_text][vc_empty_space height=&#8221;20px&#8221;][vc_separator type=&#8221;normal&#8221;][vc_column_text]<\/p>\r\n<h2>Organisation<\/h2>\r\n<p>[\/vc_column_text]<div class='q_masonry_blog'><div class=\"q_masonry_blog_grid_sizer\"><\/div><div class=\"q_masonry_blog_grid_gutter\"><\/div><article  class='post-504 post type-post status-publish format-standard hentry category-news category-organisation_nettoyage '><div class=\"q_masonry_blog_post_image\"><\/div><div class=\"q_masonry_blog_post_text\"><h5 itemprop=\"name\" class=\"q_masonry_blog_title entry_title\"><a itemprop=\"url\" href=\"https:\/\/plongee-port-vendres.com\/index.php\/2021\/09\/29\/504\/\">C&#8217;est parti pour la session 2021 !<\/a><\/h5><p itemprop=\"description\" class=\"q_masonry_blog_excerpt\">[vc_row css_animation=&#8221;&#8221; row_type=&#8221;row&#8221; use_row_as_full_screen_section=&#8221;no&#8221; type=&#8221;full_width&#8221; angled_section=&#8221;no&#8221; text_align=&#8221;left&#8221; background_image_as_pattern=&#8221;without_pattern&#8221;][vc_column][vc_column_text]C&#8217;est parti pour le deuxi\u00e8me nettoyage du port de Port-Vendres ! Il aura lieu le dimanche 10 octobre. Voici le lien pour s&#8217;inscrire : https:\/\/docs.google.com\/forms\/d\/e\/1FAIpQLSfSNMXgaS-FYsn9QPpd3o5jBU9pGfqjAVF69gz7lEZgc-Xejg\/viewform?usp=sf_link Toutes les bonnes volont\u00e9s sont les bienvenues ! Nous ferons des groupes de......<\/p><div class=\"q_masonry_blog_post_info\"><span itemprop=\"dateCreated\" class=\"time entry_date updated\">29 September, 2021<meta itemprop=\"interactionCount\" content=\"UserComments: <?php echo get_comments_number(qode_get_page_id()); ?>\"\/><\/span> \/ <a itemprop=\"url\" class=\"post_comments\" href=\"https:\/\/plongee-port-vendres.com\/index.php\/2021\/09\/29\/504\/#respond\">No comment<\/a><\/div><\/div><\/article><article  class='post-67 post type-post status-publish format-standard hentry category-organisation_nettoyage '><div class=\"q_masonry_blog_post_image\"><\/div><div class=\"q_masonry_blog_post_text\"><h5 itemprop=\"name\" class=\"q_masonry_blog_title entry_title\"><a itemprop=\"url\" href=\"https:\/\/plongee-port-vendres.com\/index.php\/2019\/11\/07\/consignes-de-securite\/\">Consignes de s\u00e9curit\u00e9<\/a><\/h5><p itemprop=\"description\" class=\"q_masonry_blog_excerpt\">Je rappelle que seuls les plongeurs autonomes (N2 minimum) pourront plonger en bouteille. Les autres pourront faire le relais surface. attention \u00e0 sa stabilisation et \u00e0 son palmage, d\u00e8s qu&#8217;on va remuer la vase la visibilit\u00e9 va devenir tr\u00e8s limit\u00e9e; on ne fouille pas la......<\/p><div class=\"q_masonry_blog_post_info\"><span itemprop=\"dateCreated\" class=\"time entry_date updated\">07 November, 2019<meta itemprop=\"interactionCount\" content=\"UserComments: <?php echo get_comments_number(qode_get_page_id()); ?>\"\/><\/span> \/ <a itemprop=\"url\" class=\"post_comments\" href=\"https:\/\/plongee-port-vendres.com\/index.php\/2019\/11\/07\/consignes-de-securite\/#respond\">No comment<\/a><\/div><\/div><\/article><article  class='post-65 post type-post status-publish format-standard hentry category-organisation_nettoyage '><div class=\"q_masonry_blog_post_image\"><\/div><div class=\"q_masonry_blog_post_text\"><h5 itemprop=\"name\" class=\"q_masonry_blog_title entry_title\"><a itemprop=\"url\" href=\"https:\/\/plongee-port-vendres.com\/index.php\/2019\/11\/07\/deroulement\/\">D\u00e9roulement<\/a><\/h5><p itemprop=\"description\" class=\"q_masonry_blog_excerpt\">groupes de 4 : 2 plongeurs dans l&#8217;eau, une s\u00e9curit\u00e9 \u00e0 la surface en palmes\/masque\/tuba et une personne \u00e0 terre en surveillance et pour ramasser les d\u00e9chets. Chaque palanqu\u00e9e se verra attribuer une zone, avec un relais via la s\u00e9curit\u00e9 en PMT. 30min dans l&#8217;eau......<\/p><div class=\"q_masonry_blog_post_info\"><span itemprop=\"dateCreated\" class=\"time entry_date updated\">07 November, 2019<meta itemprop=\"interactionCount\" content=\"UserComments: <?php echo get_comments_number(qode_get_page_id()); ?>\"\/><\/span> \/ <a itemprop=\"url\" class=\"post_comments\" href=\"https:\/\/plongee-port-vendres.com\/index.php\/2019\/11\/07\/deroulement\/#respond\">No comment<\/a><\/div><\/div><\/article><\/div>[\/vc_column][\/vc_row][vc_row css_animation=&#8221;&#8221; row_type=&#8221;row&#8221; use_row_as_full_screen_section=&#8221;no&#8221; type=&#8221;full_width&#8221; angled_section=&#8221;no&#8221; text_align=&#8221;left&#8221; background_image_as_pattern=&#8221;without_pattern&#8221;][vc_column][vc_column_text] [\/vc_column_text][\/vc_column][\/vc_row][vc_row css_animation=&#8221;&#8221; row_type=&#8221;row&#8221; use_row_as_full_screen_section=&#8221;no&#8221; type=&#8221;full_width&#8221; angled_section=&#8221;no&#8221; text_align=&#8221;left&#8221; background_image_as_pattern=&#8221;without_pattern&#8221;][vc_column][vc_column_text] [\/vc_column_text][\/vc_column][\/vc_row][vc_row css_animation=&#8221;&#8221; row_type=&#8221;row&#8221; use_row_as_full_screen_section=&#8221;no&#8221; type=&#8221;full_width&#8221; angled_section=&#8221;no&#8221; text_align=&#8221;left&#8221; background_image_as_pattern=&#8221;without_pattern&#8221;][vc_column][vc_column_text] [\/vc_column_text][\/vc_column][\/vc_row][vc_row css_animation=&#8221;&#8221; row_type=&#8221;row&#8221; use_row_as_full_screen_section=&#8221;no&#8221; type=&#8221;full_width&#8221; angled_section=&#8221;no&#8221; text_align=&#8221;left&#8221; background_image_as_pattern=&#8221;without_pattern&#8221;][vc_column][vc_column_text] [\/vc_column_text][\/vc_column][\/vc_row][vc_row css_animation=&#8221;&#8221; row_type=&#8221;row&#8221; use_row_as_full_screen_section=&#8221;no&#8221; type=&#8221;full_width&#8221; angled_section=&#8221;no&#8221; text_align=&#8221;left&#8221; background_image_as_pattern=&#8221;without_pattern&#8221;][vc_column][vc_column_text] [\/vc_column_text][\/vc_column][\/vc_row][vc_row css_animation=&#8221;&#8221; row_type=&#8221;row&#8221; use_row_as_full_screen_section=&#8221;no&#8221; type=&#8221;full_width&#8221; angled_section=&#8221;no&#8221; text_align=&#8221;left&#8221; background_image_as_pattern=&#8221;without_pattern&#8221;][vc_column][vc_column_text] [\/vc_column_text][\/vc_column][\/vc_row][vc_row css_animation=&#8221;&#8221; row_type=&#8221;row&#8221; use_row_as_full_screen_section=&#8221;no&#8221; type=&#8221;full_width&#8221; angled_section=&#8221;no&#8221; text_align=&#8221;left&#8221; background_image_as_pattern=&#8221;without_pattern&#8221;][vc_column][vc_column_text] [\/vc_column_text][\/vc_column][\/vc_row]<\/p>\r\n<p>[vc_row css_animation=&#8221;&#8221; row_type=&#8221;row&#8221; use_row_as_full_screen_section=&#8221;no&#8221; type=&#8221;full_width&#8221; angled_section=&#8221;no&#8221; text_align=&#8221;left&#8221; background_image_as_pattern=&#8221;without_pattern&#8221;][vc_column][vc_column_text]<\/p>\r\n<h2>R\u00e9sultats<\/h2>\r\n<p>[\/vc_column_text][vc_column_text] [\/vc_column_text]<div class='q_masonry_blog'><div class=\"q_masonry_blog_grid_sizer\"><\/div><div class=\"q_masonry_blog_grid_gutter\"><\/div><article  class='post-666 post type-post status-publish format-standard hentry category-bilans_nettoyage category-news '><div class=\"q_masonry_blog_post_image\"><\/div><div class=\"q_masonry_blog_post_text\"><h5 itemprop=\"name\" class=\"q_masonry_blog_title entry_title\"><a itemprop=\"url\" href=\"https:\/\/plongee-port-vendres.com\/index.php\/2021\/10\/15\/article-sur-le-nettoyage-du-port-2021\/\">article sur le nettoyage du port 2021<\/a><\/h5><p itemprop=\"description\" class=\"q_masonry_blog_excerpt\">[vc_row css_animation=&#8221;&#8221; row_type=&#8221;row&#8221; use_row_as_full_screen_section=&#8221;no&#8221; type=&#8221;full_width&#8221; angled_section=&#8221;no&#8221; text_align=&#8221;left&#8221; background_image_as_pattern=&#8221;without_pattern&#8221;][vc_column][vc_column_text]Voici l&#8217;article sur le nettoyage du port de Port-Vendres 2021 r\u00e9alis\u00e9 par la semaine du Roussillon : https:\/\/www.lasemaineduroussillon.com\/2021\/10\/13\/port-vendres-bilan-de-loperation-nettoyage-du-port\/[\/vc_column_text][\/vc_column][\/vc_row] &nbsp;...<\/p><div class=\"q_masonry_blog_post_info\"><span itemprop=\"dateCreated\" class=\"time entry_date updated\">15 October, 2021<meta itemprop=\"interactionCount\" content=\"UserComments: <?php echo get_comments_number(qode_get_page_id()); ?>\"\/><\/span> \/ <a itemprop=\"url\" class=\"post_comments\" href=\"https:\/\/plongee-port-vendres.com\/index.php\/2021\/10\/15\/article-sur-le-nettoyage-du-port-2021\/#respond\">No comment<\/a><\/div><\/div><\/article><article  class='post-596 post type-post status-publish format-standard hentry category-bilans_nettoyage '><div class=\"q_masonry_blog_post_image\"><\/div><div class=\"q_masonry_blog_post_text\"><h5 itemprop=\"name\" class=\"q_masonry_blog_title entry_title\"><a itemprop=\"url\" href=\"https:\/\/plongee-port-vendres.com\/index.php\/2021\/10\/13\/articles-2021\/\">Articles 2021<\/a><\/h5><p itemprop=\"description\" class=\"q_masonry_blog_excerpt\">[vc_row css_animation=&#8221;&#8221; row_type=&#8221;row&#8221; use_row_as_full_screen_section=&#8221;no&#8221; type=&#8221;full_width&#8221; angled_section=&#8221;no&#8221; text_align=&#8221;left&#8221; background_image_as_pattern=&#8221;without_pattern&#8221;][vc_column][vc_column_text]Voici le texte de la publication du parc marin : &#8211; UNE BIEN BELLE BROCANTE &#8211; La r\u00e9colte de d\u00e9chets organis\u00e9e dimanche dans le port de Port-Vendres par le club de plong\u00e9e Le Paradis des Bulles fut bonne,......<\/p><div class=\"q_masonry_blog_post_info\"><span itemprop=\"dateCreated\" class=\"time entry_date updated\">13 October, 2021<meta itemprop=\"interactionCount\" content=\"UserComments: <?php echo get_comments_number(qode_get_page_id()); ?>\"\/><\/span> \/ <a itemprop=\"url\" class=\"post_comments\" href=\"https:\/\/plongee-port-vendres.com\/index.php\/2021\/10\/13\/articles-2021\/#respond\">No comment<\/a><\/div><\/div><\/article><article  class='post-201 post type-post status-publish format-standard hentry category-bilans_nettoyage '><div class=\"q_masonry_blog_post_image\"><\/div><div class=\"q_masonry_blog_post_text\"><h5 itemprop=\"name\" class=\"q_masonry_blog_title entry_title\"><a itemprop=\"url\" href=\"https:\/\/plongee-port-vendres.com\/index.php\/2019\/11\/28\/articles-de-presse\/\">Articles de presse<\/a><\/h5><p itemprop=\"description\" class=\"q_masonry_blog_excerpt\">[vc_row css_animation=&#8221;&#8221; row_type=&#8221;row&#8221; use_row_as_full_screen_section=&#8221;no&#8221; type=&#8221;full_width&#8221; angled_section=&#8221;no&#8221; text_align=&#8221;left&#8221; background_image_as_pattern=&#8221;without_pattern&#8221;][vc_column][vc_column_text]Article de l&#8217;Ind\u00e9pendant : https:\/\/www.lindependant.fr\/2019\/05\/17\/un-projet-collectif-pour-un-port-propre-celui-de-port-vendres,8206290.php &nbsp; Article de l&#8217;Ouillade : Port-Vendres : un projet collectif pour un port propre [\/vc_column_text][\/vc_column][\/vc_row]...<\/p><div class=\"q_masonry_blog_post_info\"><span itemprop=\"dateCreated\" class=\"time entry_date updated\">28 November, 2019<meta itemprop=\"interactionCount\" content=\"UserComments: <?php echo get_comments_number(qode_get_page_id()); ?>\"\/><\/span> \/ <a itemprop=\"url\" class=\"post_comments\" href=\"https:\/\/plongee-port-vendres.com\/index.php\/2019\/11\/28\/articles-de-presse\/#respond\">No comment<\/a><\/div><\/div><\/article><\/div>[\/vc_column][\/vc_row]<\/p>","protected":false},"excerpt":{"rendered":"<p>[vc_row css_animation=&#8221;&#8221; row_type=&#8221;row&#8221; use_row_as_full_screen_section=&#8221;no&#8221; type=&#8221;full_width&#8221; angled_section=&#8221;no&#8221; text_align=&#8221;left&#8221; background_image_as_pattern=&#8221;without_pattern&#8221;][vc_column][vc_column_text] En 2019 une op\u00e9ration de nettoyage du port de Port-Vendres a \u00e9t\u00e9 organis\u00e9 pour la premi\u00e8re fois \u00e0 l&#8217;initiative du centre de plong\u00e9e le Paradis des Bulles. Retrouvez ici toutes les informations (organisation, bilans, partenaires, actualit\u00e9s&#8230;) &#8230;.<\/p>\n","protected":false},"author":1,"featured_media":0,"parent":0,"menu_order":0,"comment_status":"closed","ping_status":"closed","template":"","meta":{"spay_email":""},"_links":{"self":[{"href":"https:\/\/plongee-port-vendres.com\/index.php\/wp-json\/wp\/v2\/pages\/10"}],"collection":[{"href":"https:\/\/plongee-port-vendres.com\/index.php\/wp-json\/wp\/v2\/pages"}],"about":[{"href":"https:\/\/plongee-port-vendres.com\/index.php\/wp-json\/wp\/v2\/types\/page"}],"author":[{"embeddable":true,"href":"https:\/\/plongee-port-vendres.com\/index.php\/wp-json\/wp\/v2\/users\/1"}],"replies":[{"embeddable":true,"href":"https:\/\/plongee-port-vendres.com\/index.php\/wp-json\/wp\/v2\/comments?post=10"}],"version-history":[{"count":40,"href":"https:\/\/plongee-port-vendres.com\/index.php\/wp-json\/wp\/v2\/pages\/10\/revisions"}],"predecessor-version":[{"id":595,"href":"https:\/\/plongee-port-vendres.com\/index.php\/wp-json\/wp\/v2\/pages\/10\/revisions\/595"}],"wp:attachment":[{"href":"https:\/\/plongee-port-vendres.com\/index.php\/wp-json\/wp\/v2\/media?parent=10"}],"curies":[{"name":"wp","href":"https:\/\/api.w.org\/{rel}","templated":true}]}}